{"id":449,"date":"2022-04-19T04:36:20","date_gmt":"2022-04-19T04:36:20","guid":{"rendered":"https:\/\/neurobrand.net\/aimi\/?page_id=449"},"modified":"2025-02-05T17:00:11","modified_gmt":"2025-02-05T23:00:11","slug":"agencia-de-aduanas","status":"publish","type":"page","link":"https:\/\/afeaimi.cr\/en\/agencia-de-aduanas\/","title":{"rendered":"Customs Agency"},"content":{"rendered":"\t\t<div data-elementor-type=\"wp-page\" data-elementor-id=\"449\" class=\"elementor elementor-449\" data-elementor-post-type=\"page\">\n\t\t\t\t\t\t<section class=\"has_eae_slider elementor-section elementor-top-section elementor-element elementor-element-1cbe6b70 elementor-section-boxed elementor-section-height-default elementor-section-height-default wpr-particle-no wpr-jarallax-no wpr-parallax-no wpr-sticky-section-no wpr-equal-height-no\" data-eae-slider=\"69469\" data-id=\"1cbe6b70\" data-element_type=\"section\" data-e-type=\"section\" data-settings=\"{&quot;background_background&quot;:&quot;slideshow&quot;,&quot;background_slideshow_gallery&quot;:[{&quot;id&quot;:2644,&quot;url&quot;:&quot;http:\\\/\\\/afeaimi-cr-stag.azurewebsites.net\\\/wp-content\\\/uploads\\\/2023\\\/08\\\/afe-image.jpg&quot;},{&quot;id&quot;:2565,&quot;url&quot;:&quot;http:\\\/\\\/afeaimi-cr-stag.azurewebsites.net\\\/wp-content\\\/uploads\\\/2023\\\/05\\\/IMG_cotransa_tipos-buques.png&quot;},{&quot;id&quot;:1729,&quot;url&quot;:&quot;http:\\\/\\\/afeaimi-cr-stag.azurewebsites.net\\\/wp-content\\\/uploads\\\/2022\\\/05\\\/AIMI-Logistica_Servicios-de-Apoyo-scaled.jpg&quot;}],&quot;background_slideshow_slide_transition&quot;:&quot;slide_right&quot;,&quot;background_slideshow_ken_burns&quot;:&quot;yes&quot;,&quot;background_slideshow_loop&quot;:&quot;yes&quot;,&quot;background_slideshow_slide_duration&quot;:5000,&quot;background_slideshow_transition_duration&quot;:500,&quot;background_slideshow_ken_burns_zoom_direction&quot;:&quot;in&quot;}\">\n\t\t\t\t\t\t\t<div class=\"elementor-background-overlay\"><\/div>\n\t\t\t\t\t\t\t<div class=\"elementor-container elementor-column-gap-default\">\n\t\t\t\t\t<div class=\"has_eae_slider elementor-column elementor-col-100 elementor-top-column elementor-element elementor-element-611e70f\" data-eae-slider=\"71477\" data-id=\"611e70f\" data-element_type=\"column\" data-e-type=\"column\">\n\t\t\t<div class=\"elementor-widget-wrap elementor-element-populated\">\n\t\t\t\t\t\t<div class=\"elementor-element elementor-element-4e999b91 elementor-widget elementor-widget-image\" data-id=\"4e999b91\" data-element_type=\"widget\" data-e-type=\"widget\" data-widget_type=\"image.default\">\n\t\t\t\t<div class=\"elementor-widget-container\">\n\t\t\t\t\t\t\t\t\t\t\t\t\t\t\t<img fetchpriority=\"high\" decoding=\"async\" width=\"491\" height=\"125\" src=\"https:\/\/afeaimi.cr\/wp-content\/uploads\/2023\/12\/Logo-Afe-Aimi-01.png\" class=\"attachment-large size-large wp-image-2662\" alt=\"\" \/>\t\t\t\t\t\t\t\t\t\t\t\t\t\t\t<\/div>\n\t\t\t\t<\/div>\n\t\t\t\t\t<\/div>\n\t\t<\/div>\n\t\t\t\t\t<\/div>\n\t\t<\/section>\n\t\t\t\t<section class=\"has_eae_slider elementor-section elementor-top-section elementor-element elementor-element-aa26bac elementor-section-boxed elementor-section-height-default elementor-section-height-default wpr-particle-no wpr-jarallax-no wpr-parallax-no wpr-sticky-section-no wpr-equal-height-no\" data-eae-slider=\"33696\" data-id=\"aa26bac\" data-element_type=\"section\" data-e-type=\"section\">\n\t\t\t\t\t\t<div class=\"elementor-container elementor-column-gap-default\">\n\t\t\t\t\t<div class=\"has_eae_slider elementor-column elementor-col-100 elementor-top-column elementor-element elementor-element-8bfd2b4\" data-eae-slider=\"2023\" data-id=\"8bfd2b4\" data-element_type=\"column\" data-e-type=\"column\">\n\t\t\t<div class=\"elementor-widget-wrap elementor-element-populated\">\n\t\t\t\t\t\t<section class=\"has_eae_slider elementor-section elementor-inner-section elementor-element elementor-element-a51e093 elementor-section-boxed elementor-section-height-default elementor-section-height-default wpr-particle-no wpr-jarallax-no wpr-parallax-no wpr-sticky-section-no wpr-equal-height-no\" data-eae-slider=\"89841\" data-id=\"a51e093\" data-element_type=\"section\" data-e-type=\"section\">\n\t\t\t\t\t\t<div class=\"elementor-container elementor-column-gap-default\">\n\t\t\t\t\t<div class=\"has_eae_slider elementor-column elementor-col-100 elementor-inner-column elementor-element elementor-element-7fed58a\" data-eae-slider=\"29370\" data-id=\"7fed58a\" data-element_type=\"column\" data-e-type=\"column\">\n\t\t\t<div class=\"elementor-widget-wrap elementor-element-populated\">\n\t\t\t\t\t\t<div class=\"elementor-element elementor-element-c3ffc83 elementor-widget elementor-widget-button\" data-id=\"c3ffc83\" data-element_type=\"widget\" data-e-type=\"widget\" data-widget_type=\"button.default\">\n\t\t\t\t<div class=\"elementor-widget-container\">\n\t\t\t\t\t\t\t\t\t<div class=\"elementor-button-wrapper\">\n\t\t\t\t\t<a class=\"elementor-button elementor-size-sm\" role=\"button\">\n\t\t\t\t\t\t<span class=\"elementor-button-content-wrapper\">\n\t\t\t\t\t\t\t\t\t<span class=\"elementor-button-text\">SERVICIOS<\/span>\n\t\t\t\t\t<\/span>\n\t\t\t\t\t<\/a>\n\t\t\t\t<\/div>\n\t\t\t\t\t\t\t\t<\/div>\n\t\t\t\t<\/div>\n\t\t\t\t\t<\/div>\n\t\t<\/div>\n\t\t\t\t\t<\/div>\n\t\t<\/section>\n\t\t\t\t<section class=\"has_eae_slider elementor-section elementor-inner-section elementor-element elementor-element-f880c48 elementor-section-boxed elementor-section-height-default elementor-section-height-default wpr-particle-no wpr-jarallax-no wpr-parallax-no wpr-sticky-section-no wpr-equal-height-no\" data-eae-slider=\"20482\" data-id=\"f880c48\" data-element_type=\"section\" data-e-type=\"section\" data-settings=\"{&quot;background_background&quot;:&quot;classic&quot;}\">\n\t\t\t\t\t\t<div class=\"elementor-container elementor-column-gap-no\">\n\t\t\t\t\t<div class=\"has_eae_slider elementor-column elementor-col-100 elementor-inner-column elementor-element elementor-element-cc7179e\" data-eae-slider=\"7349\" data-id=\"cc7179e\" data-element_type=\"column\" data-e-type=\"column\">\n\t\t\t<div class=\"elementor-widget-wrap elementor-element-populated\">\n\t\t\t\t\t\t<div class=\"elementor-element elementor-element-d89261d elementor-position-inline-start elementor-view-default elementor-mobile-position-block-start elementor-widget elementor-widget-icon-box\" data-id=\"d89261d\" data-element_type=\"widget\" data-e-type=\"widget\" data-widget_type=\"icon-box.default\">\n\t\t\t\t<div class=\"elementor-widget-container\">\n\t\t\t\t\t\t\t<div class=\"elementor-icon-box-wrapper\">\n\n\t\t\t\t\t\t<div class=\"elementor-icon-box-icon\">\n\t\t\t\t<span  class=\"elementor-icon\">\n\t\t\t\t<svg xmlns=\"http:\/\/www.w3.org\/2000\/svg\" width=\"90\" height=\"90\" viewBox=\"0 0 90 90\" fill=\"none\"><path d=\"M18.75 18.75H26.25V30H63.75V18.75H71.25V37.5H78.75V18.75C78.75 14.625 75.375 11.25 71.25 11.25H55.575C54 6.9 49.875 3.75 45 3.75C40.125 3.75 36 6.9 34.425 11.25H18.75C14.625 11.25 11.25 14.625 11.25 18.75V71.25C11.25 75.375 14.625 78.75 18.75 78.75H41.25V71.25H18.75V18.75ZM45 11.25C47.0625 11.25 48.75 12.9375 48.75 15C48.75 17.0625 47.0625 18.75 45 18.75C42.9375 18.75 41.25 17.0625 41.25 15C41.25 12.9375 42.9375 11.25 45 11.25Z\" fill=\"white\"><\/path><path d=\"M78.75 43.1249L58.1625 63.7499L46.875 52.4999L41.25 58.1249L58.1625 74.9998L84.375 48.7499L78.75 43.1249Z\" fill=\"white\"><\/path><\/svg>\t\t\t\t<\/span>\n\t\t\t<\/div>\n\t\t\t\n\t\t\t\t\t\t<div class=\"elementor-icon-box-content\">\n\n\t\t\t\t\t\t\t\t\t<h3 class=\"elementor-icon-box-title\">\n\t\t\t\t\t\t<span  >\n\t\t\t\t\t\t\tAGENCIA DE ADUANAS\t\t\t\t\t\t<\/span>\n\t\t\t\t\t<\/h3>\n\t\t\t\t\n\t\t\t\t\n\t\t\t<\/div>\n\t\t\t\n\t\t<\/div>\n\t\t\t\t\t\t<\/div>\n\t\t\t\t<\/div>\n\t\t\t\t\t<\/div>\n\t\t<\/div>\n\t\t\t\t\t<\/div>\n\t\t<\/section>\n\t\t\t\t\t<\/div>\n\t\t<\/div>\n\t\t\t\t\t<\/div>\n\t\t<\/section>\n\t\t\t\t<section class=\"has_eae_slider elementor-section elementor-top-section elementor-element elementor-element-b6ce421 elementor-section-boxed elementor-section-height-default elementor-section-height-default wpr-particle-no wpr-jarallax-no wpr-parallax-no wpr-sticky-section-no wpr-equal-height-no\" data-eae-slider=\"83147\" data-id=\"b6ce421\" data-element_type=\"section\" data-e-type=\"section\">\n\t\t\t\t\t\t<div class=\"elementor-container elementor-column-gap-no\">\n\t\t\t\t\t<div class=\"has_eae_slider elementor-column elementor-col-50 elementor-top-column elementor-element elementor-element-498abd3\" data-eae-slider=\"88962\" data-id=\"498abd3\" data-element_type=\"column\" data-e-type=\"column\">\n\t\t\t<div class=\"elementor-widget-wrap elementor-element-populated\">\n\t\t\t\t\t\t<div class=\"elementor-element elementor-element-e684c63 elementor-widget elementor-widget-text-editor\" data-id=\"e684c63\" data-element_type=\"widget\" data-e-type=\"widget\" data-widget_type=\"text-editor.default\">\n\t\t\t\t<div class=\"elementor-widget-container\">\n\t\t\t\t\t\t\t\t\t<ul><li>M\u00e1s de <strong>40 a\u00f1os de experiencia<\/strong> como agencia de aduanas.<\/li><li><strong>Personal con m\u00e1s de 30 a\u00f1os en nuestra compa\u00f1\u00eda.<\/strong> Tenemos baja rotaci\u00f3n y un mix generacional bastante din\u00e1mico.<\/li><li>Trabajamos<strong> todos los reg\u00edmenes<\/strong>, tanto importaci\u00f3n definitiva, zona franca como perfeccionamiento activo.<\/li><li>Contamos con un s\u00f3lido <strong>departamento t\u00e9cnico<\/strong> con dos agentes de aduanas con m\u00e1s de 15 a\u00f1os de experiencia que revisan toda la informaci\u00f3n t\u00e9cnica aduanera.<\/li><li>Subcontratamos adem\u00e1s <strong>asesores legales<\/strong> externos dedicados a legislaci\u00f3n aduanera.<\/li><li><strong>Oficinas<\/strong> y cauci\u00f3n en: Heredia (Oficina central), Caldera, Lim\u00f3n, Paso Canoas, Pe\u00f1as Blancas y Zona Franca Cartago.<\/li><\/ul>\t\t\t\t\t\t\t\t<\/div>\n\t\t\t\t<\/div>\n\t\t\t\t<div class=\"elementor-element elementor-element-bda2379 elementor-widget elementor-widget-heading\" data-id=\"bda2379\" data-element_type=\"widget\" data-e-type=\"widget\" data-widget_type=\"heading.default\">\n\t\t\t\t<div class=\"elementor-widget-container\">\n\t\t\t\t\t<h2 class=\"elementor-heading-title elementor-size-default\">Servicios aduanales<\/h2>\t\t\t\t<\/div>\n\t\t\t\t<\/div>\n\t\t\t\t<div class=\"elementor-element elementor-element-75dfc61 elementor-widget elementor-widget-text-editor\" data-id=\"75dfc61\" data-element_type=\"widget\" data-e-type=\"widget\" data-widget_type=\"text-editor.default\">\n\t\t\t\t<div class=\"elementor-widget-container\">\n\t\t\t\t\t\t\t\t\t<ul><li style=\"text-align: left;\">Importaci\u00f3n y exportaci\u00f3n<\/li><li style=\"text-align: left;\">Reexportaci\u00f3n<\/li><li style=\"text-align: left;\">Tr\u00e1nsitos<\/li><li style=\"text-align: left;\">Tr\u00e1mite de permisos<\/li><li style=\"text-align: left;\">Exoneraciones<\/li><\/ul>\t\t\t\t\t\t\t\t<\/div>\n\t\t\t\t<\/div>\n\t\t\t\t<div class=\"elementor-element elementor-element-1171676 elementor-widget elementor-widget-heading\" data-id=\"1171676\" data-element_type=\"widget\" data-e-type=\"widget\" data-widget_type=\"heading.default\">\n\t\t\t\t<div class=\"elementor-widget-container\">\n\t\t\t\t\t<h2 class=\"elementor-heading-title elementor-size-default\">Tr\u00e1mites de reg\u00edmenes especiales<\/h2>\t\t\t\t<\/div>\n\t\t\t\t<\/div>\n\t\t\t\t<div class=\"elementor-element elementor-element-84dfa84 elementor-widget elementor-widget-text-editor\" data-id=\"84dfa84\" data-element_type=\"widget\" data-e-type=\"widget\" data-widget_type=\"text-editor.default\">\n\t\t\t\t<div class=\"elementor-widget-container\">\n\t\t\t\t\t\t\t\t\t<ul><li style=\"text-align: left;\">Asesor\u00eda y tr\u00e1mites de Zona Franca<\/li><li style=\"text-align: left;\">Asesor\u00eda y tr\u00e1mites de Perfeccionamiento Activo<\/li><\/ul>\t\t\t\t\t\t\t\t<\/div>\n\t\t\t\t<\/div>\n\t\t\t\t\t<\/div>\n\t\t<\/div>\n\t\t\t\t<div class=\"has_eae_slider elementor-column elementor-col-50 elementor-top-column elementor-element elementor-element-a98444e\" data-eae-slider=\"56328\" data-id=\"a98444e\" data-element_type=\"column\" data-e-type=\"column\">\n\t\t\t<div class=\"elementor-widget-wrap elementor-element-populated\">\n\t\t\t\t\t\t<section class=\"has_eae_slider elementor-section elementor-inner-section elementor-element elementor-element-84c1397 elementor-section-boxed elementor-section-height-default elementor-section-height-default wpr-particle-no wpr-jarallax-no wpr-parallax-no wpr-sticky-section-no wpr-equal-height-no\" data-eae-slider=\"58051\" data-id=\"84c1397\" data-element_type=\"section\" data-e-type=\"section\">\n\t\t\t\t\t\t<div class=\"elementor-container elementor-column-gap-default\">\n\t\t\t\t\t<div class=\"has_eae_slider elementor-column elementor-col-100 elementor-inner-column elementor-element elementor-element-9c093fd\" data-eae-slider=\"98994\" data-id=\"9c093fd\" data-element_type=\"column\" data-e-type=\"column\">\n\t\t\t<div class=\"elementor-widget-wrap elementor-element-populated\">\n\t\t\t\t\t\t<div class=\"elementor-element elementor-element-7170088 elementor-widget elementor-widget-heading\" data-id=\"7170088\" data-element_type=\"widget\" data-e-type=\"widget\" data-widget_type=\"heading.default\">\n\t\t\t\t<div class=\"elementor-widget-container\">\n\t\t\t\t\t<h3 class=\"elementor-heading-title elementor-size-default\">CONT\u00c1CTENOS<\/h3>\t\t\t\t<\/div>\n\t\t\t\t<\/div>\n\t\t\t\t<div class=\"elementor-element elementor-element-d1a2a8f elementor-align-center elementor-icon-list--layout-traditional elementor-list-item-link-full_width elementor-widget elementor-widget-icon-list\" data-id=\"d1a2a8f\" data-element_type=\"widget\" data-e-type=\"widget\" data-widget_type=\"icon-list.default\">\n\t\t\t\t<div class=\"elementor-widget-container\">\n\t\t\t\t\t\t\t<ul class=\"elementor-icon-list-items\">\n\t\t\t\t\t\t\t<li class=\"elementor-icon-list-item\">\n\t\t\t\t\t\t\t\t\t\t\t<a href=\"tel:+50622398181\" target=\"_blank\">\n\n\t\t\t\t\t\t\t\t\t\t\t\t<span class=\"elementor-icon-list-icon\">\n\t\t\t\t\t\t\t<i aria-hidden=\"true\" class=\"fas fa-phone-alt\"><\/i>\t\t\t\t\t\t<\/span>\n\t\t\t\t\t\t\t\t\t\t<span class=\"elementor-icon-list-text\">+506 2239-8181<\/span>\n\t\t\t\t\t\t\t\t\t\t\t<\/a>\n\t\t\t\t\t\t\t\t\t<\/li>\n\t\t\t\t\t\t<\/ul>\n\t\t\t\t\t\t<\/div>\n\t\t\t\t<\/div>\n\t\t\t\t<div class=\"elementor-element elementor-element-6d55ccc elementor-align-center elementor-icon-list--layout-traditional elementor-list-item-link-full_width elementor-widget elementor-widget-icon-list\" data-id=\"6d55ccc\" data-element_type=\"widget\" data-e-type=\"widget\" data-widget_type=\"icon-list.default\">\n\t\t\t\t<div class=\"elementor-widget-container\">\n\t\t\t\t\t\t\t<ul class=\"elementor-icon-list-items\">\n\t\t\t\t\t\t\t<li class=\"elementor-icon-list-item\">\n\t\t\t\t\t\t\t\t\t\t\t<a href=\"mailto:pricing@afeaimi.cr\" target=\"_blank\">\n\n\t\t\t\t\t\t\t\t\t\t\t\t<span class=\"elementor-icon-list-icon\">\n\t\t\t\t\t\t\t<i aria-hidden=\"true\" class=\"far fa-envelope\"><\/i>\t\t\t\t\t\t<\/span>\n\t\t\t\t\t\t\t\t\t\t<span class=\"elementor-icon-list-text\">pricing@afeaimi.cr<\/span>\n\t\t\t\t\t\t\t\t\t\t\t<\/a>\n\t\t\t\t\t\t\t\t\t<\/li>\n\t\t\t\t\t\t<\/ul>\n\t\t\t\t\t\t<\/div>\n\t\t\t\t<\/div>\n\t\t\t\t<div class=\"elementor-element elementor-element-58d101c elementor-widget elementor-widget-text-editor\" data-id=\"58d101c\" data-element_type=\"widget\" data-e-type=\"widget\" data-widget_type=\"text-editor.default\">\n\t\t\t\t<div class=\"elementor-widget-container\">\n\t\t\t\t\t\t\t\t\t<p>O bien envienos un mensaje:<\/p>\t\t\t\t\t\t\t\t<\/div>\n\t\t\t\t<\/div>\n\t\t\t\t\t<\/div>\n\t\t<\/div>\n\t\t\t\t\t<\/div>\n\t\t<\/section>\n\t\t\t\t\t<\/div>\n\t\t<\/div>\n\t\t\t\t\t<\/div>\n\t\t<\/section>\n\t\t\t\t<\/div>\n\t\t","protected":false},"excerpt":{"rendered":"<p>Contamos con un s\u00f3lido departamento t\u00e9cnico con dos agentes de aduanas con m\u00e1s de 15 a\u00f1os de experiencia que revisan toda la informaci\u00f3n t\u00e9cnica aduanera.<\/p>","protected":false},"author":1,"featured_media":2260,"parent":0,"menu_order":0,"comment_status":"closed","ping_status":"closed","template":"","meta":{"footnotes":""},"class_list":["post-449","page","type-page","status-publish","has-post-thumbnail","hentry"],"yoast_head":"<!-- This site is optimized with the Yoast SEO plugin v27.3 - https:\/\/yoast.com\/product\/yoast-seo-wordpress\/ -->\n<title>Agencia de Aduanas - AFEAIMI Global Logistics<\/title>\n<meta name=\"description\" content=\"Contamos con un s\u00f3lido departamento t\u00e9cnico con dos agentes de aduanas con m\u00e1s de 15 a\u00f1os de experiencia que revisan toda la informaci\u00f3n t\u00e9cnica aduanera.\" \/>\n<meta name=\"robots\" content=\"index, follow, max-snippet:-1, max-image-preview:large, max-video-preview:-1\" \/>\n<link rel=\"canonical\" href=\"https:\/\/afeaimi.cr\/en\/agencia-de-aduanas\/\" \/>\n<meta property=\"og:locale\" content=\"en_US\" \/>\n<meta property=\"og:type\" content=\"article\" \/>\n<meta property=\"og:title\" content=\"Agencia de Aduanas - AFEAIMI Global Logistics\" \/>\n<meta property=\"og:description\" content=\"Contamos con un s\u00f3lido departamento t\u00e9cnico con dos agentes de aduanas con m\u00e1s de 15 a\u00f1os de experiencia que revisan toda la informaci\u00f3n t\u00e9cnica aduanera.\" \/>\n<meta property=\"og:url\" content=\"https:\/\/afeaimi.cr\/en\/agencia-de-aduanas\/\" \/>\n<meta property=\"og:site_name\" content=\"AFEAIMI Global Logistics\" \/>\n<meta property=\"article:modified_time\" content=\"2025-02-05T23:00:11+00:00\" \/>\n<meta property=\"og:image\" content=\"https:\/\/afeaimi.cr\/wp-content\/uploads\/2023\/12\/Logo-Afe-Aimi-01.png\" \/>\n\t<meta property=\"og:image:width\" content=\"491\" \/>\n\t<meta property=\"og:image:height\" content=\"125\" \/>\n\t<meta property=\"og:image:type\" content=\"image\/png\" \/>\n<meta name=\"twitter:card\" content=\"summary_large_image\" \/>\n<meta name=\"twitter:label1\" content=\"Est. reading time\" \/>\n\t<meta name=\"twitter:data1\" content=\"1 minute\" \/>\n<script type=\"application\/ld+json\" class=\"yoast-schema-graph\">{\"@context\":\"https:\\\/\\\/schema.org\",\"@graph\":[{\"@type\":\"WebPage\",\"@id\":\"https:\\\/\\\/afeaimi.cr\\\/agencia-de-aduanas\\\/\",\"url\":\"https:\\\/\\\/afeaimi.cr\\\/agencia-de-aduanas\\\/\",\"name\":\"Agencia de Aduanas - AFEAIMI Global Logistics\",\"isPartOf\":{\"@id\":\"https:\\\/\\\/afeaimi.cr\\\/#website\"},\"primaryImageOfPage\":{\"@id\":\"https:\\\/\\\/afeaimi.cr\\\/agencia-de-aduanas\\\/#primaryimage\"},\"image\":{\"@id\":\"https:\\\/\\\/afeaimi.cr\\\/agencia-de-aduanas\\\/#primaryimage\"},\"thumbnailUrl\":\"https:\\\/\\\/afeaimi.cr\\\/wp-content\\\/uploads\\\/2022\\\/04\\\/Agencia-de-Aduanas_Icono_AIMI.svg\",\"datePublished\":\"2022-04-19T04:36:20+00:00\",\"dateModified\":\"2025-02-05T23:00:11+00:00\",\"description\":\"Contamos con un s\u00f3lido departamento t\u00e9cnico con dos agentes de aduanas con m\u00e1s de 15 a\u00f1os de experiencia que revisan toda la informaci\u00f3n t\u00e9cnica aduanera.\",\"breadcrumb\":{\"@id\":\"https:\\\/\\\/afeaimi.cr\\\/agencia-de-aduanas\\\/#breadcrumb\"},\"inLanguage\":\"en-US\",\"potentialAction\":[{\"@type\":\"ReadAction\",\"target\":[\"https:\\\/\\\/afeaimi.cr\\\/agencia-de-aduanas\\\/\"]}]},{\"@type\":\"ImageObject\",\"inLanguage\":\"en-US\",\"@id\":\"https:\\\/\\\/afeaimi.cr\\\/agencia-de-aduanas\\\/#primaryimage\",\"url\":\"https:\\\/\\\/afeaimi.cr\\\/wp-content\\\/uploads\\\/2022\\\/04\\\/Agencia-de-Aduanas_Icono_AIMI.svg\",\"contentUrl\":\"https:\\\/\\\/afeaimi.cr\\\/wp-content\\\/uploads\\\/2022\\\/04\\\/Agencia-de-Aduanas_Icono_AIMI.svg\",\"width\":60,\"height\":60},{\"@type\":\"BreadcrumbList\",\"@id\":\"https:\\\/\\\/afeaimi.cr\\\/agencia-de-aduanas\\\/#breadcrumb\",\"itemListElement\":[{\"@type\":\"ListItem\",\"position\":1,\"name\":\"Home\",\"item\":\"https:\\\/\\\/afeaimi.cr\\\/\"},{\"@type\":\"ListItem\",\"position\":2,\"name\":\"Agencia de Aduanas\"}]},{\"@type\":\"WebSite\",\"@id\":\"https:\\\/\\\/afeaimi.cr\\\/#website\",\"url\":\"https:\\\/\\\/afeaimi.cr\\\/\",\"name\":\"AFEAIMI Global Logistics\",\"description\":\"Importaci\u00f3n y Exportaci\u00f3n\",\"publisher\":{\"@id\":\"https:\\\/\\\/afeaimi.cr\\\/#organization\"},\"alternateName\":\"AFEAIMI Log\u00edstica\",\"potentialAction\":[{\"@type\":\"SearchAction\",\"target\":{\"@type\":\"EntryPoint\",\"urlTemplate\":\"https:\\\/\\\/afeaimi.cr\\\/?s={search_term_string}\"},\"query-input\":{\"@type\":\"PropertyValueSpecification\",\"valueRequired\":true,\"valueName\":\"search_term_string\"}}],\"inLanguage\":\"en-US\"},{\"@type\":\"Organization\",\"@id\":\"https:\\\/\\\/afeaimi.cr\\\/#organization\",\"name\":\"AFEAIMI Global Logistics\",\"url\":\"https:\\\/\\\/afeaimi.cr\\\/\",\"logo\":{\"@type\":\"ImageObject\",\"inLanguage\":\"en-US\",\"@id\":\"https:\\\/\\\/afeaimi.cr\\\/#\\\/schema\\\/logo\\\/image\\\/\",\"url\":\"https:\\\/\\\/afeaimi.cr\\\/wp-content\\\/uploads\\\/2020\\\/06\\\/AFEAIMI_Logo.png\",\"contentUrl\":\"https:\\\/\\\/afeaimi.cr\\\/wp-content\\\/uploads\\\/2020\\\/06\\\/AFEAIMI_Logo.png\",\"width\":1201,\"height\":223,\"caption\":\"AFEAIMI Global Logistics\"},\"image\":{\"@id\":\"https:\\\/\\\/afeaimi.cr\\\/#\\\/schema\\\/logo\\\/image\\\/\"}}]}<\/script>\n<!-- \/ Yoast SEO plugin. -->","yoast_head_json":{"title":"Agencia de Aduanas - AFEAIMI Global Logistics","description":"Contamos con un s\u00f3lido departamento t\u00e9cnico con dos agentes de aduanas con m\u00e1s de 15 a\u00f1os de experiencia que revisan toda la informaci\u00f3n t\u00e9cnica aduanera.","robots":{"index":"index","follow":"follow","max-snippet":"max-snippet:-1","max-image-preview":"max-image-preview:large","max-video-preview":"max-video-preview:-1"},"canonical":"https:\/\/afeaimi.cr\/en\/agencia-de-aduanas\/","og_locale":"en_US","og_type":"article","og_title":"Agencia de Aduanas - AFEAIMI Global Logistics","og_description":"Contamos con un s\u00f3lido departamento t\u00e9cnico con dos agentes de aduanas con m\u00e1s de 15 a\u00f1os de experiencia que revisan toda la informaci\u00f3n t\u00e9cnica aduanera.","og_url":"https:\/\/afeaimi.cr\/en\/agencia-de-aduanas\/","og_site_name":"AFEAIMI Global Logistics","article_modified_time":"2025-02-05T23:00:11+00:00","og_image":[{"width":491,"height":125,"url":"https:\/\/afeaimi.cr\/wp-content\/uploads\/2023\/12\/Logo-Afe-Aimi-01.png","type":"image\/png"}],"twitter_card":"summary_large_image","twitter_misc":{"Est. reading time":"1 minute"},"schema":{"@context":"https:\/\/schema.org","@graph":[{"@type":"WebPage","@id":"https:\/\/afeaimi.cr\/agencia-de-aduanas\/","url":"https:\/\/afeaimi.cr\/agencia-de-aduanas\/","name":"Agencia de Aduanas - AFEAIMI Global Logistics","isPartOf":{"@id":"https:\/\/afeaimi.cr\/#website"},"primaryImageOfPage":{"@id":"https:\/\/afeaimi.cr\/agencia-de-aduanas\/#primaryimage"},"image":{"@id":"https:\/\/afeaimi.cr\/agencia-de-aduanas\/#primaryimage"},"thumbnailUrl":"https:\/\/afeaimi.cr\/wp-content\/uploads\/2022\/04\/Agencia-de-Aduanas_Icono_AIMI.svg","datePublished":"2022-04-19T04:36:20+00:00","dateModified":"2025-02-05T23:00:11+00:00","description":"Contamos con un s\u00f3lido departamento t\u00e9cnico con dos agentes de aduanas con m\u00e1s de 15 a\u00f1os de experiencia que revisan toda la informaci\u00f3n t\u00e9cnica aduanera.","breadcrumb":{"@id":"https:\/\/afeaimi.cr\/agencia-de-aduanas\/#breadcrumb"},"inLanguage":"en-US","potentialAction":[{"@type":"ReadAction","target":["https:\/\/afeaimi.cr\/agencia-de-aduanas\/"]}]},{"@type":"ImageObject","inLanguage":"en-US","@id":"https:\/\/afeaimi.cr\/agencia-de-aduanas\/#primaryimage","url":"https:\/\/afeaimi.cr\/wp-content\/uploads\/2022\/04\/Agencia-de-Aduanas_Icono_AIMI.svg","contentUrl":"https:\/\/afeaimi.cr\/wp-content\/uploads\/2022\/04\/Agencia-de-Aduanas_Icono_AIMI.svg","width":60,"height":60},{"@type":"BreadcrumbList","@id":"https:\/\/afeaimi.cr\/agencia-de-aduanas\/#breadcrumb","itemListElement":[{"@type":"ListItem","position":1,"name":"Home","item":"https:\/\/afeaimi.cr\/"},{"@type":"ListItem","position":2,"name":"Agencia de Aduanas"}]},{"@type":"WebSite","@id":"https:\/\/afeaimi.cr\/#website","url":"https:\/\/afeaimi.cr\/","name":"AFEAIMI Global Logistics","description":"Importaci\u00f3n y Exportaci\u00f3n","publisher":{"@id":"https:\/\/afeaimi.cr\/#organization"},"alternateName":"AFEAIMI Log\u00edstica","potentialAction":[{"@type":"SearchAction","target":{"@type":"EntryPoint","urlTemplate":"https:\/\/afeaimi.cr\/?s={search_term_string}"},"query-input":{"@type":"PropertyValueSpecification","valueRequired":true,"valueName":"search_term_string"}}],"inLanguage":"en-US"},{"@type":"Organization","@id":"https:\/\/afeaimi.cr\/#organization","name":"AFEAIMI Global Logistics","url":"https:\/\/afeaimi.cr\/","logo":{"@type":"ImageObject","inLanguage":"en-US","@id":"https:\/\/afeaimi.cr\/#\/schema\/logo\/image\/","url":"https:\/\/afeaimi.cr\/wp-content\/uploads\/2020\/06\/AFEAIMI_Logo.png","contentUrl":"https:\/\/afeaimi.cr\/wp-content\/uploads\/2020\/06\/AFEAIMI_Logo.png","width":1201,"height":223,"caption":"AFEAIMI Global Logistics"},"image":{"@id":"https:\/\/afeaimi.cr\/#\/schema\/logo\/image\/"}}]}},"_links":{"self":[{"href":"https:\/\/afeaimi.cr\/en\/wp-json\/wp\/v2\/pages\/449","targetHints":{"allow":["GET"]}}],"collection":[{"href":"https:\/\/afeaimi.cr\/en\/wp-json\/wp\/v2\/pages"}],"about":[{"href":"https:\/\/afeaimi.cr\/en\/wp-json\/wp\/v2\/types\/page"}],"author":[{"embeddable":true,"href":"https:\/\/afeaimi.cr\/en\/wp-json\/wp\/v2\/users\/1"}],"replies":[{"embeddable":true,"href":"https:\/\/afeaimi.cr\/en\/wp-json\/wp\/v2\/comments?post=449"}],"version-history":[{"count":10,"href":"https:\/\/afeaimi.cr\/en\/wp-json\/wp\/v2\/pages\/449\/revisions"}],"predecessor-version":[{"id":7517,"href":"https:\/\/afeaimi.cr\/en\/wp-json\/wp\/v2\/pages\/449\/revisions\/7517"}],"wp:featuredmedia":[{"embeddable":true,"href":"https:\/\/afeaimi.cr\/en\/wp-json\/wp\/v2\/media\/2260"}],"wp:attachment":[{"href":"https:\/\/afeaimi.cr\/en\/wp-json\/wp\/v2\/media?parent=449"}],"curies":[{"name":"wp","href":"https:\/\/api.w.org\/{rel}","templated":true}]}}