{"id":585,"date":"2022-04-20T04:11:52","date_gmt":"2022-04-20T04:11:52","guid":{"rendered":"https:\/\/neurobrand.net\/aimi\/?page_id=585"},"modified":"2023-12-05T18:07:15","modified_gmt":"2023-12-05T18:07:15","slug":"transporte-y-distribucion-local","status":"publish","type":"page","link":"https:\/\/afeaimi.cr\/en\/transporte-y-distribucion-local\/","title":{"rendered":"Local Transportation and Distribution"},"content":{"rendered":"\t\t<div data-elementor-type=\"wp-page\" data-elementor-id=\"585\" class=\"elementor elementor-585\" data-elementor-post-type=\"page\">\n\t\t\t\t\t\t<section class=\"has_eae_slider elementor-section elementor-top-section elementor-element elementor-element-20f7871 elementor-section-boxed elementor-section-height-default elementor-section-height-default wpr-particle-no wpr-jarallax-no wpr-parallax-no wpr-sticky-section-no wpr-equal-height-no\" data-eae-slider=\"13862\" data-id=\"20f7871\" data-element_type=\"section\" data-e-type=\"section\" data-settings=\"{&quot;background_background&quot;:&quot;slideshow&quot;,&quot;background_slideshow_gallery&quot;:[{&quot;id&quot;:2644,&quot;url&quot;:&quot;http:\\\/\\\/afeaimi-cr-stag.azurewebsites.net\\\/wp-content\\\/uploads\\\/2023\\\/08\\\/afe-image.jpg&quot;},{&quot;id&quot;:2565,&quot;url&quot;:&quot;http:\\\/\\\/afeaimi-cr-stag.azurewebsites.net\\\/wp-content\\\/uploads\\\/2023\\\/05\\\/IMG_cotransa_tipos-buques.png&quot;},{&quot;id&quot;:1729,&quot;url&quot;:&quot;http:\\\/\\\/afeaimi-cr-stag.azurewebsites.net\\\/wp-content\\\/uploads\\\/2022\\\/05\\\/AIMI-Logistica_Servicios-de-Apoyo-scaled.jpg&quot;}],&quot;background_slideshow_slide_transition&quot;:&quot;slide_right&quot;,&quot;background_slideshow_ken_burns&quot;:&quot;yes&quot;,&quot;background_slideshow_loop&quot;:&quot;yes&quot;,&quot;background_slideshow_slide_duration&quot;:5000,&quot;background_slideshow_transition_duration&quot;:500,&quot;background_slideshow_ken_burns_zoom_direction&quot;:&quot;in&quot;}\">\n\t\t\t\t\t\t\t<div class=\"elementor-background-overlay\"><\/div>\n\t\t\t\t\t\t\t<div class=\"elementor-container elementor-column-gap-default\">\n\t\t\t\t\t<div class=\"has_eae_slider elementor-column elementor-col-100 elementor-top-column elementor-element elementor-element-44704dc3\" data-eae-slider=\"78950\" data-id=\"44704dc3\" data-element_type=\"column\" data-e-type=\"column\">\n\t\t\t<div class=\"elementor-widget-wrap elementor-element-populated\">\n\t\t\t\t\t\t<div class=\"elementor-element elementor-element-59ffdbcb elementor-widget elementor-widget-image\" data-id=\"59ffdbcb\" data-element_type=\"widget\" data-e-type=\"widget\" data-widget_type=\"image.default\">\n\t\t\t\t<div class=\"elementor-widget-container\">\n\t\t\t\t\t\t\t\t\t\t\t\t\t\t\t<img fetchpriority=\"high\" decoding=\"async\" width=\"491\" height=\"125\" src=\"https:\/\/afeaimi.cr\/wp-content\/uploads\/2023\/12\/Logo-Afe-Aimi-01.png\" class=\"attachment-large size-large wp-image-2662\" alt=\"\" \/>\t\t\t\t\t\t\t\t\t\t\t\t\t\t\t<\/div>\n\t\t\t\t<\/div>\n\t\t\t\t\t<\/div>\n\t\t<\/div>\n\t\t\t\t\t<\/div>\n\t\t<\/section>\n\t\t\t\t<section class=\"has_eae_slider elementor-section elementor-top-section elementor-element elementor-element-aa26bac elementor-section-boxed elementor-section-height-default elementor-section-height-default wpr-particle-no wpr-jarallax-no wpr-parallax-no wpr-sticky-section-no wpr-equal-height-no\" data-eae-slider=\"11274\" data-id=\"aa26bac\" data-element_type=\"section\" data-e-type=\"section\">\n\t\t\t\t\t\t<div class=\"elementor-container elementor-column-gap-default\">\n\t\t\t\t\t<div class=\"has_eae_slider elementor-column elementor-col-100 elementor-top-column elementor-element elementor-element-68adc5d\" data-eae-slider=\"46976\" data-id=\"68adc5d\" data-element_type=\"column\" data-e-type=\"column\">\n\t\t\t<div class=\"elementor-widget-wrap elementor-element-populated\">\n\t\t\t\t\t\t<section class=\"has_eae_slider elementor-section elementor-inner-section elementor-element elementor-element-11c7b3a elementor-section-boxed elementor-section-height-default elementor-section-height-default wpr-particle-no wpr-jarallax-no wpr-parallax-no wpr-sticky-section-no wpr-equal-height-no\" data-eae-slider=\"63562\" data-id=\"11c7b3a\" data-element_type=\"section\" data-e-type=\"section\">\n\t\t\t\t\t\t<div class=\"elementor-container elementor-column-gap-default\">\n\t\t\t\t\t<div class=\"has_eae_slider elementor-column elementor-col-100 elementor-inner-column elementor-element elementor-element-f0b2831\" data-eae-slider=\"46157\" data-id=\"f0b2831\" data-element_type=\"column\" data-e-type=\"column\">\n\t\t\t<div class=\"elementor-widget-wrap elementor-element-populated\">\n\t\t\t\t\t\t<div class=\"elementor-element elementor-element-04ae19c elementor-widget elementor-widget-button\" data-id=\"04ae19c\" data-element_type=\"widget\" data-e-type=\"widget\" data-widget_type=\"button.default\">\n\t\t\t\t<div class=\"elementor-widget-container\">\n\t\t\t\t\t\t\t\t\t<div class=\"elementor-button-wrapper\">\n\t\t\t\t\t<a class=\"elementor-button elementor-size-sm\" role=\"button\">\n\t\t\t\t\t\t<span class=\"elementor-button-content-wrapper\">\n\t\t\t\t\t\t\t\t\t<span class=\"elementor-button-text\">SERVICIOS<\/span>\n\t\t\t\t\t<\/span>\n\t\t\t\t\t<\/a>\n\t\t\t\t<\/div>\n\t\t\t\t\t\t\t\t<\/div>\n\t\t\t\t<\/div>\n\t\t\t\t\t<\/div>\n\t\t<\/div>\n\t\t\t\t\t<\/div>\n\t\t<\/section>\n\t\t\t\t<section class=\"has_eae_slider elementor-section elementor-inner-section elementor-element elementor-element-fcf2c61 elementor-section-boxed elementor-section-height-default elementor-section-height-default wpr-particle-no wpr-jarallax-no wpr-parallax-no wpr-sticky-section-no wpr-equal-height-no\" data-eae-slider=\"84043\" data-id=\"fcf2c61\" data-element_type=\"section\" data-e-type=\"section\" data-settings=\"{&quot;background_background&quot;:&quot;classic&quot;}\">\n\t\t\t\t\t\t<div class=\"elementor-container elementor-column-gap-no\">\n\t\t\t\t\t<div class=\"has_eae_slider elementor-column elementor-col-100 elementor-inner-column elementor-element elementor-element-867df6f\" data-eae-slider=\"10124\" data-id=\"867df6f\" data-element_type=\"column\" data-e-type=\"column\">\n\t\t\t<div class=\"elementor-widget-wrap elementor-element-populated\">\n\t\t\t\t\t\t<div class=\"elementor-element elementor-element-5881a24 elementor-position-inline-start elementor-view-default elementor-mobile-position-block-start elementor-widget elementor-widget-icon-box\" data-id=\"5881a24\" data-element_type=\"widget\" data-e-type=\"widget\" data-widget_type=\"icon-box.default\">\n\t\t\t\t<div class=\"elementor-widget-container\">\n\t\t\t\t\t\t\t<div class=\"elementor-icon-box-wrapper\">\n\n\t\t\t\t\t\t<div class=\"elementor-icon-box-icon\">\n\t\t\t\t<span  class=\"elementor-icon\">\n\t\t\t\t<svg xmlns=\"http:\/\/www.w3.org\/2000\/svg\" width=\"90\" height=\"90\" viewBox=\"0 0 90 90\" fill=\"none\"><path d=\"M75 30H63.75V15H11.25C7.125 15 3.75 18.375 3.75 22.5V63.75H11.25C11.25 69.975 16.275 75 22.5 75C28.725 75 33.75 69.975 33.75 63.75H56.25C56.25 69.975 61.275 75 67.5 75C73.725 75 78.75 69.975 78.75 63.75H86.25V45L75 30ZM22.5 69.375C19.3875 69.375 16.875 66.8625 16.875 63.75C16.875 60.6375 19.3875 58.125 22.5 58.125C25.6125 58.125 28.125 60.6375 28.125 63.75C28.125 66.8625 25.6125 69.375 22.5 69.375ZM73.125 35.625L80.475 45H63.75V35.625H73.125ZM67.5 69.375C64.3875 69.375 61.875 66.8625 61.875 63.75C61.875 60.6375 64.3875 58.125 67.5 58.125C70.6125 58.125 73.125 60.6375 73.125 63.75C73.125 66.8625 70.6125 69.375 67.5 69.375Z\" fill=\"white\"><\/path><\/svg>\t\t\t\t<\/span>\n\t\t\t<\/div>\n\t\t\t\n\t\t\t\t\t\t<div class=\"elementor-icon-box-content\">\n\n\t\t\t\t\t\t\t\t\t<h3 class=\"elementor-icon-box-title\">\n\t\t\t\t\t\t<span  >\n\t\t\t\t\t\t\tTRANSPORTE Y DISTRIBUCI\u00d3N LOCAL\t\t\t\t\t\t<\/span>\n\t\t\t\t\t<\/h3>\n\t\t\t\t\n\t\t\t\t\n\t\t\t<\/div>\n\t\t\t\n\t\t<\/div>\n\t\t\t\t\t\t<\/div>\n\t\t\t\t<\/div>\n\t\t\t\t\t<\/div>\n\t\t<\/div>\n\t\t\t\t\t<\/div>\n\t\t<\/section>\n\t\t\t\t\t<\/div>\n\t\t<\/div>\n\t\t\t\t\t<\/div>\n\t\t<\/section>\n\t\t\t\t<section class=\"has_eae_slider elementor-section elementor-top-section elementor-element elementor-element-b6ce421 elementor-section-boxed elementor-section-height-default elementor-section-height-default wpr-particle-no wpr-jarallax-no wpr-parallax-no wpr-sticky-section-no wpr-equal-height-no\" data-eae-slider=\"76434\" data-id=\"b6ce421\" data-element_type=\"section\" data-e-type=\"section\">\n\t\t\t\t\t\t<div class=\"elementor-container elementor-column-gap-no\">\n\t\t\t\t\t<div class=\"has_eae_slider elementor-column elementor-col-50 elementor-top-column elementor-element elementor-element-498abd3\" data-eae-slider=\"29723\" data-id=\"498abd3\" data-element_type=\"column\" data-e-type=\"column\">\n\t\t\t<div class=\"elementor-widget-wrap elementor-element-populated\">\n\t\t\t\t\t\t<div class=\"elementor-element elementor-element-e684c63 elementor-widget elementor-widget-text-editor\" data-id=\"e684c63\" data-element_type=\"widget\" data-e-type=\"widget\" data-widget_type=\"text-editor.default\">\n\t\t\t\t<div class=\"elementor-widget-container\">\n\t\t\t\t\t\t\t\t\t<ul><li><p>Servicio de <strong>transporte local<\/strong> en todo el territorio nacional.<\/p><\/li><li><p><strong>Caucionados<\/strong> como transportistas y auxiliares de la funci\u00f3n p\u00fablica ante la D.G.A. (CR00897).<\/p><\/li><li><p>Veh\u00edculos debidamente <strong>asegurados<\/strong> y con seguimiento v\u00eda <strong>GPS<\/strong>.<\/p><\/li><li><p>Servicio de <strong>peonaje<\/strong>.<\/p><\/li><\/ul>\t\t\t\t\t\t\t\t<\/div>\n\t\t\t\t<\/div>\n\t\t\t\t\t<\/div>\n\t\t<\/div>\n\t\t\t\t<div class=\"has_eae_slider elementor-column elementor-col-50 elementor-top-column elementor-element elementor-element-01587b8\" data-eae-slider=\"52589\" data-id=\"01587b8\" data-element_type=\"column\" data-e-type=\"column\">\n\t\t\t<div class=\"elementor-widget-wrap elementor-element-populated\">\n\t\t\t\t\t\t<section class=\"has_eae_slider elementor-section elementor-inner-section elementor-element elementor-element-1c9b6cc elementor-section-boxed elementor-section-height-default elementor-section-height-default wpr-particle-no wpr-jarallax-no wpr-parallax-no wpr-sticky-section-no wpr-equal-height-no\" data-eae-slider=\"68848\" data-id=\"1c9b6cc\" data-element_type=\"section\" data-e-type=\"section\">\n\t\t\t\t\t\t<div class=\"elementor-container elementor-column-gap-default\">\n\t\t\t\t\t<div class=\"has_eae_slider elementor-column elementor-col-100 elementor-inner-column elementor-element elementor-element-ce1059a\" data-eae-slider=\"27597\" data-id=\"ce1059a\" data-element_type=\"column\" data-e-type=\"column\">\n\t\t\t<div class=\"elementor-widget-wrap elementor-element-populated\">\n\t\t\t\t\t\t<div class=\"elementor-element elementor-element-bac682d elementor-widget elementor-widget-heading\" data-id=\"bac682d\" data-element_type=\"widget\" data-e-type=\"widget\" data-widget_type=\"heading.default\">\n\t\t\t\t<div class=\"elementor-widget-container\">\n\t\t\t\t\t<h3 class=\"elementor-heading-title elementor-size-default\">CONT\u00c1CTENOS<\/h3>\t\t\t\t<\/div>\n\t\t\t\t<\/div>\n\t\t\t\t<div class=\"elementor-element elementor-element-7fbff47 elementor-align-center elementor-icon-list--layout-traditional elementor-list-item-link-full_width elementor-widget elementor-widget-icon-list\" data-id=\"7fbff47\" data-element_type=\"widget\" data-e-type=\"widget\" data-widget_type=\"icon-list.default\">\n\t\t\t\t<div class=\"elementor-widget-container\">\n\t\t\t\t\t\t\t<ul class=\"elementor-icon-list-items\">\n\t\t\t\t\t\t\t<li class=\"elementor-icon-list-item\">\n\t\t\t\t\t\t\t\t\t\t\t<a href=\"tel:+50622398181\" target=\"_blank\">\n\n\t\t\t\t\t\t\t\t\t\t\t\t<span class=\"elementor-icon-list-icon\">\n\t\t\t\t\t\t\t<i aria-hidden=\"true\" class=\"fas fa-phone-alt\"><\/i>\t\t\t\t\t\t<\/span>\n\t\t\t\t\t\t\t\t\t\t<span class=\"elementor-icon-list-text\">+506 2239-8181<\/span>\n\t\t\t\t\t\t\t\t\t\t\t<\/a>\n\t\t\t\t\t\t\t\t\t<\/li>\n\t\t\t\t\t\t<\/ul>\n\t\t\t\t\t\t<\/div>\n\t\t\t\t<\/div>\n\t\t\t\t<div class=\"elementor-element elementor-element-db17fe8 elementor-align-center elementor-icon-list--layout-traditional elementor-list-item-link-full_width elementor-widget elementor-widget-icon-list\" data-id=\"db17fe8\" data-element_type=\"widget\" data-e-type=\"widget\" data-widget_type=\"icon-list.default\">\n\t\t\t\t<div class=\"elementor-widget-container\">\n\t\t\t\t\t\t\t<ul class=\"elementor-icon-list-items\">\n\t\t\t\t\t\t\t<li class=\"elementor-icon-list-item\">\n\t\t\t\t\t\t\t\t\t\t\t<a href=\"mailto:pricing@afeaimi.cr\" target=\"_blank\">\n\n\t\t\t\t\t\t\t\t\t\t\t\t<span class=\"elementor-icon-list-icon\">\n\t\t\t\t\t\t\t<i aria-hidden=\"true\" class=\"far fa-envelope\"><\/i>\t\t\t\t\t\t<\/span>\n\t\t\t\t\t\t\t\t\t\t<span class=\"elementor-icon-list-text\">pricing@afeaimi.cr<\/span>\n\t\t\t\t\t\t\t\t\t\t\t<\/a>\n\t\t\t\t\t\t\t\t\t<\/li>\n\t\t\t\t\t\t<\/ul>\n\t\t\t\t\t\t<\/div>\n\t\t\t\t<\/div>\n\t\t\t\t<div class=\"elementor-element elementor-element-0b78e2b elementor-widget elementor-widget-text-editor\" data-id=\"0b78e2b\" data-element_type=\"widget\" data-e-type=\"widget\" data-widget_type=\"text-editor.default\">\n\t\t\t\t<div class=\"elementor-widget-container\">\n\t\t\t\t\t\t\t\t\t<p>O bien envienos un mensaje:<\/p>\t\t\t\t\t\t\t\t<\/div>\n\t\t\t\t<\/div>\n\t\t\t\t\t<\/div>\n\t\t<\/div>\n\t\t\t\t\t<\/div>\n\t\t<\/section>\n\t\t\t\t\t<\/div>\n\t\t<\/div>\n\t\t\t\t\t<\/div>\n\t\t<\/section>\n\t\t\t\t<\/div>\n\t\t","protected":false},"excerpt":{"rendered":"<p>SERVICIOS TRANSPORTE Y DISTRIBUCI\u00d3N LOCAL Servicio de transporte local en todo el territorio nacional. Caucionados como transportistas y auxiliares de la funci\u00f3n p\u00fablica ante la D.G.A. (CR00897). Veh\u00edculos debidamente asegurados y con seguimiento v\u00eda GPS. Servicio de peonaje. CONT\u00c1CTENOS +506 2239-8181 pricing@afeaimi.cr O bien envienos un mensaje: Nombre Completo:* Correo Electr\u00f3nico:* Asunto:* Mensaje*CAPTCHANameEste campo es un campo de validaci\u00f3n y debe quedar sin cambios.<\/p>","protected":false},"author":1,"featured_media":0,"parent":0,"menu_order":0,"comment_status":"closed","ping_status":"closed","template":"","meta":{"footnotes":""},"class_list":["post-585","page","type-page","status-publish","hentry"],"yoast_head":"<!-- This site is optimized with the Yoast SEO plugin v27.3 - https:\/\/yoast.com\/product\/yoast-seo-wordpress\/ -->\n<title>Transporte y Distribuci\u00f3n Local - AFEAIMI Global Logistics<\/title>\n<meta name=\"robots\" content=\"index, follow, max-snippet:-1, max-image-preview:large, max-video-preview:-1\" \/>\n<link rel=\"canonical\" href=\"https:\/\/afeaimi.cr\/en\/transporte-y-distribucion-local\/\" \/>\n<meta property=\"og:locale\" content=\"en_US\" \/>\n<meta property=\"og:type\" content=\"article\" \/>\n<meta property=\"og:title\" content=\"Transporte y Distribuci\u00f3n Local - AFEAIMI Global Logistics\" \/>\n<meta property=\"og:description\" content=\"SERVICIOS TRANSPORTE Y DISTRIBUCI\u00d3N LOCAL Servicio de transporte local en todo el territorio nacional. Caucionados como transportistas y auxiliares de la funci\u00f3n p\u00fablica ante la D.G.A. (CR00897). Veh\u00edculos debidamente asegurados y con seguimiento v\u00eda GPS. Servicio de peonaje. CONT\u00c1CTENOS +506 2239-8181 pricing@afeaimi.cr O bien envienos un mensaje: Nombre Completo:* Correo Electr\u00f3nico:* Asunto:* Mensaje*CAPTCHANameEste campo es un campo de validaci\u00f3n y debe quedar sin cambios.\" \/>\n<meta property=\"og:url\" content=\"https:\/\/afeaimi.cr\/en\/transporte-y-distribucion-local\/\" \/>\n<meta property=\"og:site_name\" content=\"AFEAIMI Global Logistics\" \/>\n<meta property=\"article:modified_time\" content=\"2023-12-05T18:07:15+00:00\" \/>\n<meta property=\"og:image\" content=\"http:\/\/afeaimi-cr-stag.azurewebsites.net\/wp-content\/uploads\/2023\/12\/Logo-Afe-Aimi-01.png\" \/>\n<meta name=\"twitter:card\" content=\"summary_large_image\" \/>\n<script type=\"application\/ld+json\" class=\"yoast-schema-graph\">{\"@context\":\"https:\\\/\\\/schema.org\",\"@graph\":[{\"@type\":\"WebPage\",\"@id\":\"https:\\\/\\\/afeaimi.cr\\\/transporte-y-distribucion-local\\\/\",\"url\":\"https:\\\/\\\/afeaimi.cr\\\/transporte-y-distribucion-local\\\/\",\"name\":\"Transporte y Distribuci\u00f3n Local - AFEAIMI Global Logistics\",\"isPartOf\":{\"@id\":\"https:\\\/\\\/afeaimi.cr\\\/#website\"},\"primaryImageOfPage\":{\"@id\":\"https:\\\/\\\/afeaimi.cr\\\/transporte-y-distribucion-local\\\/#primaryimage\"},\"image\":{\"@id\":\"https:\\\/\\\/afeaimi.cr\\\/transporte-y-distribucion-local\\\/#primaryimage\"},\"thumbnailUrl\":\"http:\\\/\\\/afeaimi-cr-stag.azurewebsites.net\\\/wp-content\\\/uploads\\\/2023\\\/12\\\/Logo-Afe-Aimi-01.png\",\"datePublished\":\"2022-04-20T04:11:52+00:00\",\"dateModified\":\"2023-12-05T18:07:15+00:00\",\"breadcrumb\":{\"@id\":\"https:\\\/\\\/afeaimi.cr\\\/transporte-y-distribucion-local\\\/#breadcrumb\"},\"inLanguage\":\"en-US\",\"potentialAction\":[{\"@type\":\"ReadAction\",\"target\":[\"https:\\\/\\\/afeaimi.cr\\\/transporte-y-distribucion-local\\\/\"]}]},{\"@type\":\"ImageObject\",\"inLanguage\":\"en-US\",\"@id\":\"https:\\\/\\\/afeaimi.cr\\\/transporte-y-distribucion-local\\\/#primaryimage\",\"url\":\"http:\\\/\\\/afeaimi-cr-stag.azurewebsites.net\\\/wp-content\\\/uploads\\\/2023\\\/12\\\/Logo-Afe-Aimi-01.png\",\"contentUrl\":\"http:\\\/\\\/afeaimi-cr-stag.azurewebsites.net\\\/wp-content\\\/uploads\\\/2023\\\/12\\\/Logo-Afe-Aimi-01.png\"},{\"@type\":\"BreadcrumbList\",\"@id\":\"https:\\\/\\\/afeaimi.cr\\\/transporte-y-distribucion-local\\\/#breadcrumb\",\"itemListElement\":[{\"@type\":\"ListItem\",\"position\":1,\"name\":\"Home\",\"item\":\"https:\\\/\\\/afeaimi.cr\\\/\"},{\"@type\":\"ListItem\",\"position\":2,\"name\":\"Transporte y Distribuci\u00f3n Local\"}]},{\"@type\":\"WebSite\",\"@id\":\"https:\\\/\\\/afeaimi.cr\\\/#website\",\"url\":\"https:\\\/\\\/afeaimi.cr\\\/\",\"name\":\"AFEAIMI Global Logistics\",\"description\":\"Importaci\u00f3n y Exportaci\u00f3n\",\"publisher\":{\"@id\":\"https:\\\/\\\/afeaimi.cr\\\/#organization\"},\"alternateName\":\"AFEAIMI Log\u00edstica\",\"potentialAction\":[{\"@type\":\"SearchAction\",\"target\":{\"@type\":\"EntryPoint\",\"urlTemplate\":\"https:\\\/\\\/afeaimi.cr\\\/?s={search_term_string}\"},\"query-input\":{\"@type\":\"PropertyValueSpecification\",\"valueRequired\":true,\"valueName\":\"search_term_string\"}}],\"inLanguage\":\"en-US\"},{\"@type\":\"Organization\",\"@id\":\"https:\\\/\\\/afeaimi.cr\\\/#organization\",\"name\":\"AFEAIMI Global Logistics\",\"url\":\"https:\\\/\\\/afeaimi.cr\\\/\",\"logo\":{\"@type\":\"ImageObject\",\"inLanguage\":\"en-US\",\"@id\":\"https:\\\/\\\/afeaimi.cr\\\/#\\\/schema\\\/logo\\\/image\\\/\",\"url\":\"https:\\\/\\\/afeaimi.cr\\\/wp-content\\\/uploads\\\/2020\\\/06\\\/AFEAIMI_Logo.png\",\"contentUrl\":\"https:\\\/\\\/afeaimi.cr\\\/wp-content\\\/uploads\\\/2020\\\/06\\\/AFEAIMI_Logo.png\",\"width\":1201,\"height\":223,\"caption\":\"AFEAIMI Global Logistics\"},\"image\":{\"@id\":\"https:\\\/\\\/afeaimi.cr\\\/#\\\/schema\\\/logo\\\/image\\\/\"}}]}<\/script>\n<!-- \/ Yoast SEO plugin. -->","yoast_head_json":{"title":"Transporte y Distribuci\u00f3n Local - AFEAIMI Global Logistics","robots":{"index":"index","follow":"follow","max-snippet":"max-snippet:-1","max-image-preview":"max-image-preview:large","max-video-preview":"max-video-preview:-1"},"canonical":"https:\/\/afeaimi.cr\/en\/transporte-y-distribucion-local\/","og_locale":"en_US","og_type":"article","og_title":"Transporte y Distribuci\u00f3n Local - AFEAIMI Global Logistics","og_description":"SERVICIOS TRANSPORTE Y DISTRIBUCI\u00d3N LOCAL Servicio de transporte local en todo el territorio nacional. Caucionados como transportistas y auxiliares de la funci\u00f3n p\u00fablica ante la D.G.A. (CR00897). Veh\u00edculos debidamente asegurados y con seguimiento v\u00eda GPS. Servicio de peonaje. CONT\u00c1CTENOS +506 2239-8181 pricing@afeaimi.cr O bien envienos un mensaje: Nombre Completo:* Correo Electr\u00f3nico:* Asunto:* Mensaje*CAPTCHANameEste campo es un campo de validaci\u00f3n y debe quedar sin cambios.","og_url":"https:\/\/afeaimi.cr\/en\/transporte-y-distribucion-local\/","og_site_name":"AFEAIMI Global Logistics","article_modified_time":"2023-12-05T18:07:15+00:00","og_image":[{"url":"http:\/\/afeaimi-cr-stag.azurewebsites.net\/wp-content\/uploads\/2023\/12\/Logo-Afe-Aimi-01.png","type":"","width":"","height":""}],"twitter_card":"summary_large_image","schema":{"@context":"https:\/\/schema.org","@graph":[{"@type":"WebPage","@id":"https:\/\/afeaimi.cr\/transporte-y-distribucion-local\/","url":"https:\/\/afeaimi.cr\/transporte-y-distribucion-local\/","name":"Transporte y Distribuci\u00f3n Local - AFEAIMI Global Logistics","isPartOf":{"@id":"https:\/\/afeaimi.cr\/#website"},"primaryImageOfPage":{"@id":"https:\/\/afeaimi.cr\/transporte-y-distribucion-local\/#primaryimage"},"image":{"@id":"https:\/\/afeaimi.cr\/transporte-y-distribucion-local\/#primaryimage"},"thumbnailUrl":"http:\/\/afeaimi-cr-stag.azurewebsites.net\/wp-content\/uploads\/2023\/12\/Logo-Afe-Aimi-01.png","datePublished":"2022-04-20T04:11:52+00:00","dateModified":"2023-12-05T18:07:15+00:00","breadcrumb":{"@id":"https:\/\/afeaimi.cr\/transporte-y-distribucion-local\/#breadcrumb"},"inLanguage":"en-US","potentialAction":[{"@type":"ReadAction","target":["https:\/\/afeaimi.cr\/transporte-y-distribucion-local\/"]}]},{"@type":"ImageObject","inLanguage":"en-US","@id":"https:\/\/afeaimi.cr\/transporte-y-distribucion-local\/#primaryimage","url":"http:\/\/afeaimi-cr-stag.azurewebsites.net\/wp-content\/uploads\/2023\/12\/Logo-Afe-Aimi-01.png","contentUrl":"http:\/\/afeaimi-cr-stag.azurewebsites.net\/wp-content\/uploads\/2023\/12\/Logo-Afe-Aimi-01.png"},{"@type":"BreadcrumbList","@id":"https:\/\/afeaimi.cr\/transporte-y-distribucion-local\/#breadcrumb","itemListElement":[{"@type":"ListItem","position":1,"name":"Home","item":"https:\/\/afeaimi.cr\/"},{"@type":"ListItem","position":2,"name":"Transporte y Distribuci\u00f3n Local"}]},{"@type":"WebSite","@id":"https:\/\/afeaimi.cr\/#website","url":"https:\/\/afeaimi.cr\/","name":"AFEAIMI Global Logistics","description":"Importaci\u00f3n y Exportaci\u00f3n","publisher":{"@id":"https:\/\/afeaimi.cr\/#organization"},"alternateName":"AFEAIMI Log\u00edstica","potentialAction":[{"@type":"SearchAction","target":{"@type":"EntryPoint","urlTemplate":"https:\/\/afeaimi.cr\/?s={search_term_string}"},"query-input":{"@type":"PropertyValueSpecification","valueRequired":true,"valueName":"search_term_string"}}],"inLanguage":"en-US"},{"@type":"Organization","@id":"https:\/\/afeaimi.cr\/#organization","name":"AFEAIMI Global Logistics","url":"https:\/\/afeaimi.cr\/","logo":{"@type":"ImageObject","inLanguage":"en-US","@id":"https:\/\/afeaimi.cr\/#\/schema\/logo\/image\/","url":"https:\/\/afeaimi.cr\/wp-content\/uploads\/2020\/06\/AFEAIMI_Logo.png","contentUrl":"https:\/\/afeaimi.cr\/wp-content\/uploads\/2020\/06\/AFEAIMI_Logo.png","width":1201,"height":223,"caption":"AFEAIMI Global Logistics"},"image":{"@id":"https:\/\/afeaimi.cr\/#\/schema\/logo\/image\/"}}]}},"_links":{"self":[{"href":"https:\/\/afeaimi.cr\/en\/wp-json\/wp\/v2\/pages\/585","targetHints":{"allow":["GET"]}}],"collection":[{"href":"https:\/\/afeaimi.cr\/en\/wp-json\/wp\/v2\/pages"}],"about":[{"href":"https:\/\/afeaimi.cr\/en\/wp-json\/wp\/v2\/types\/page"}],"author":[{"embeddable":true,"href":"https:\/\/afeaimi.cr\/en\/wp-json\/wp\/v2\/users\/1"}],"replies":[{"embeddable":true,"href":"https:\/\/afeaimi.cr\/en\/wp-json\/wp\/v2\/comments?post=585"}],"version-history":[{"count":9,"href":"https:\/\/afeaimi.cr\/en\/wp-json\/wp\/v2\/pages\/585\/revisions"}],"predecessor-version":[{"id":2784,"href":"https:\/\/afeaimi.cr\/en\/wp-json\/wp\/v2\/pages\/585\/revisions\/2784"}],"wp:attachment":[{"href":"https:\/\/afeaimi.cr\/en\/wp-json\/wp\/v2\/media?parent=585"}],"curies":[{"name":"wp","href":"https:\/\/api.w.org\/{rel}","templated":true}]}}