{"id":603,"date":"2022-04-20T04:20:23","date_gmt":"2022-04-20T04:20:23","guid":{"rendered":"https:\/\/neurobrand.net\/aimi\/?page_id=603"},"modified":"2025-02-03T11:53:54","modified_gmt":"2025-02-03T17:53:54","slug":"almacen-fiscal","status":"publish","type":"page","link":"https:\/\/afeaimi.cr\/en\/almacen-fiscal\/","title":{"rendered":"Fiscal Warehouse"},"content":{"rendered":"\t\t<div data-elementor-type=\"wp-page\" data-elementor-id=\"603\" class=\"elementor elementor-603\" data-elementor-post-type=\"page\">\n\t\t\t\t\t\t<section class=\"has_eae_slider elementor-section elementor-top-section elementor-element elementor-element-2e2161cc elementor-section-boxed elementor-section-height-default elementor-section-height-default wpr-particle-no wpr-jarallax-no wpr-parallax-no wpr-sticky-section-no wpr-equal-height-no\" data-eae-slider=\"44887\" data-id=\"2e2161cc\" data-element_type=\"section\" data-e-type=\"section\" data-settings=\"{&quot;background_background&quot;:&quot;slideshow&quot;,&quot;background_slideshow_gallery&quot;:[{&quot;id&quot;:2644,&quot;url&quot;:&quot;http:\\\/\\\/afeaimi-cr-stag.azurewebsites.net\\\/wp-content\\\/uploads\\\/2023\\\/08\\\/afe-image.jpg&quot;},{&quot;id&quot;:2565,&quot;url&quot;:&quot;http:\\\/\\\/afeaimi-cr-stag.azurewebsites.net\\\/wp-content\\\/uploads\\\/2023\\\/05\\\/IMG_cotransa_tipos-buques.png&quot;},{&quot;id&quot;:1729,&quot;url&quot;:&quot;http:\\\/\\\/afeaimi-cr-stag.azurewebsites.net\\\/wp-content\\\/uploads\\\/2022\\\/05\\\/AIMI-Logistica_Servicios-de-Apoyo-scaled.jpg&quot;}],&quot;background_slideshow_slide_transition&quot;:&quot;slide_right&quot;,&quot;background_slideshow_ken_burns&quot;:&quot;yes&quot;,&quot;background_slideshow_loop&quot;:&quot;yes&quot;,&quot;background_slideshow_slide_duration&quot;:5000,&quot;background_slideshow_transition_duration&quot;:500,&quot;background_slideshow_ken_burns_zoom_direction&quot;:&quot;in&quot;}\">\n\t\t\t\t\t\t\t<div class=\"elementor-background-overlay\"><\/div>\n\t\t\t\t\t\t\t<div class=\"elementor-container elementor-column-gap-default\">\n\t\t\t\t\t<div class=\"has_eae_slider elementor-column elementor-col-100 elementor-top-column elementor-element elementor-element-372448fb\" data-eae-slider=\"20071\" data-id=\"372448fb\" data-element_type=\"column\" data-e-type=\"column\">\n\t\t\t<div class=\"elementor-widget-wrap elementor-element-populated\">\n\t\t\t\t\t\t<div class=\"elementor-element elementor-element-177f44f2 elementor-widget elementor-widget-image\" data-id=\"177f44f2\" data-element_type=\"widget\" data-e-type=\"widget\" data-widget_type=\"image.default\">\n\t\t\t\t<div class=\"elementor-widget-container\">\n\t\t\t\t\t\t\t\t\t\t\t\t\t\t\t<img fetchpriority=\"high\" decoding=\"async\" width=\"491\" height=\"125\" src=\"https:\/\/afeaimi.cr\/wp-content\/uploads\/2023\/12\/Logo-Afe-Aimi-01.png\" class=\"attachment-large size-large wp-image-2662\" alt=\"\" \/>\t\t\t\t\t\t\t\t\t\t\t\t\t\t\t<\/div>\n\t\t\t\t<\/div>\n\t\t\t\t\t<\/div>\n\t\t<\/div>\n\t\t\t\t\t<\/div>\n\t\t<\/section>\n\t\t\t\t<section class=\"has_eae_slider elementor-section elementor-top-section elementor-element elementor-element-aa26bac elementor-section-boxed elementor-section-height-default elementor-section-height-default wpr-particle-no wpr-jarallax-no wpr-parallax-no wpr-sticky-section-no wpr-equal-height-no\" data-eae-slider=\"96962\" data-id=\"aa26bac\" data-element_type=\"section\" data-e-type=\"section\">\n\t\t\t\t\t\t<div class=\"elementor-container elementor-column-gap-default\">\n\t\t\t\t\t<div class=\"has_eae_slider elementor-column elementor-col-100 elementor-top-column elementor-element elementor-element-9ddf49b\" data-eae-slider=\"75283\" data-id=\"9ddf49b\" data-element_type=\"column\" data-e-type=\"column\">\n\t\t\t<div class=\"elementor-widget-wrap elementor-element-populated\">\n\t\t\t\t\t\t<section class=\"has_eae_slider elementor-section elementor-inner-section elementor-element elementor-element-e9e276d elementor-section-boxed elementor-section-height-default elementor-section-height-default wpr-particle-no wpr-jarallax-no wpr-parallax-no wpr-sticky-section-no wpr-equal-height-no\" data-eae-slider=\"30087\" data-id=\"e9e276d\" data-element_type=\"section\" data-e-type=\"section\">\n\t\t\t\t\t\t<div class=\"elementor-container elementor-column-gap-default\">\n\t\t\t\t\t<div class=\"has_eae_slider elementor-column elementor-col-100 elementor-inner-column elementor-element elementor-element-9a1279d\" data-eae-slider=\"59116\" data-id=\"9a1279d\" data-element_type=\"column\" data-e-type=\"column\">\n\t\t\t<div class=\"elementor-widget-wrap elementor-element-populated\">\n\t\t\t\t\t\t<div class=\"elementor-element elementor-element-aef0bfb elementor-widget elementor-widget-button\" data-id=\"aef0bfb\" data-element_type=\"widget\" data-e-type=\"widget\" data-widget_type=\"button.default\">\n\t\t\t\t<div class=\"elementor-widget-container\">\n\t\t\t\t\t\t\t\t\t<div class=\"elementor-button-wrapper\">\n\t\t\t\t\t<a class=\"elementor-button elementor-size-sm\" role=\"button\">\n\t\t\t\t\t\t<span class=\"elementor-button-content-wrapper\">\n\t\t\t\t\t\t\t\t\t<span class=\"elementor-button-text\">SERVICIOS<\/span>\n\t\t\t\t\t<\/span>\n\t\t\t\t\t<\/a>\n\t\t\t\t<\/div>\n\t\t\t\t\t\t\t\t<\/div>\n\t\t\t\t<\/div>\n\t\t\t\t\t<\/div>\n\t\t<\/div>\n\t\t\t\t\t<\/div>\n\t\t<\/section>\n\t\t\t\t<section class=\"has_eae_slider elementor-section elementor-inner-section elementor-element elementor-element-bee6f11 elementor-section-boxed elementor-section-height-default elementor-section-height-default wpr-particle-no wpr-jarallax-no wpr-parallax-no wpr-sticky-section-no wpr-equal-height-no\" data-eae-slider=\"23331\" data-id=\"bee6f11\" data-element_type=\"section\" data-e-type=\"section\" data-settings=\"{&quot;background_background&quot;:&quot;classic&quot;}\">\n\t\t\t\t\t\t<div class=\"elementor-container elementor-column-gap-no\">\n\t\t\t\t\t<div class=\"has_eae_slider elementor-column elementor-col-100 elementor-inner-column elementor-element elementor-element-37b05e4\" data-eae-slider=\"339\" data-id=\"37b05e4\" data-element_type=\"column\" data-e-type=\"column\">\n\t\t\t<div class=\"elementor-widget-wrap elementor-element-populated\">\n\t\t\t\t\t\t<div class=\"elementor-element elementor-element-de51aaa elementor-position-inline-start elementor-view-default elementor-mobile-position-block-start elementor-widget elementor-widget-icon-box\" data-id=\"de51aaa\" data-element_type=\"widget\" data-e-type=\"widget\" data-widget_type=\"icon-box.default\">\n\t\t\t\t<div class=\"elementor-widget-container\">\n\t\t\t\t\t\t\t<div class=\"elementor-icon-box-wrapper\">\n\n\t\t\t\t\t\t<div class=\"elementor-icon-box-icon\">\n\t\t\t\t<span  class=\"elementor-icon\">\n\t\t\t\t<svg xmlns=\"http:\/\/www.w3.org\/2000\/svg\" width=\"90\" height=\"90\" viewBox=\"0 0 90 90\" fill=\"none\"><path d=\"M75 31.3125V71.25H67.5V41.25H22.5V71.25H15V31.3125L45 19.3125L75 31.3125ZM82.5 78.75V26.25L45 11.25L7.5 26.25V78.75H30V48.75H60V78.75H82.5ZM41.25 71.25H33.75V78.75H41.25V71.25ZM48.75 60H41.25V67.5H48.75V60ZM56.25 71.25H48.75V78.75H56.25V71.25Z\" fill=\"white\"><\/path><\/svg>\t\t\t\t<\/span>\n\t\t\t<\/div>\n\t\t\t\n\t\t\t\t\t\t<div class=\"elementor-icon-box-content\">\n\n\t\t\t\t\t\t\t\t\t<h3 class=\"elementor-icon-box-title\">\n\t\t\t\t\t\t<span  >\n\t\t\t\t\t\t\tALMAC\u00c9N FISCAL\t\t\t\t\t\t<\/span>\n\t\t\t\t\t<\/h3>\n\t\t\t\t\n\t\t\t\t\n\t\t\t<\/div>\n\t\t\t\n\t\t<\/div>\n\t\t\t\t\t\t<\/div>\n\t\t\t\t<\/div>\n\t\t\t\t\t<\/div>\n\t\t<\/div>\n\t\t\t\t\t<\/div>\n\t\t<\/section>\n\t\t\t\t\t<\/div>\n\t\t<\/div>\n\t\t\t\t\t<\/div>\n\t\t<\/section>\n\t\t\t\t<section class=\"has_eae_slider elementor-section elementor-top-section elementor-element elementor-element-b6ce421 elementor-section-boxed elementor-section-height-default elementor-section-height-default wpr-particle-no wpr-jarallax-no wpr-parallax-no wpr-sticky-section-no wpr-equal-height-no\" data-eae-slider=\"36477\" data-id=\"b6ce421\" data-element_type=\"section\" data-e-type=\"section\">\n\t\t\t\t\t\t<div class=\"elementor-container elementor-column-gap-no\">\n\t\t\t\t\t<div class=\"has_eae_slider elementor-column elementor-col-50 elementor-top-column elementor-element elementor-element-498abd3\" data-eae-slider=\"39531\" data-id=\"498abd3\" data-element_type=\"column\" data-e-type=\"column\">\n\t\t\t<div class=\"elementor-widget-wrap elementor-element-populated\">\n\t\t\t\t\t\t<div class=\"elementor-element elementor-element-e684c63 elementor-widget elementor-widget-text-editor\" data-id=\"e684c63\" data-element_type=\"widget\" data-e-type=\"widget\" data-widget_type=\"text-editor.default\">\n\t\t\t\t<div class=\"elementor-widget-container\">\n\t\t\t\t\t\t\t\t\t<ul><li><p>Servicios de <strong>almac\u00e9n fiscal, general y centro de distribuci\u00f3n.<\/strong><\/p><\/li><li><p><b>Almacen Fiscal del Este (AFE A114)<\/b><\/p><\/li><li><p><strong>Terminal de exportaci\u00f3n<\/strong> propia en AFE para la consolidaci\u00f3n de cargas de exportaci\u00f3n.<\/p><\/li><li><p>Se cargan semanalmente 5 equipos consolidados para Centroam\u00e9rica y el Caribe.<\/p><\/li><\/ul>\t\t\t\t\t\t\t\t<\/div>\n\t\t\t\t<\/div>\n\t\t\t\t<div class=\"elementor-element elementor-element-441c452 elementor-widget elementor-widget-spacer\" data-id=\"441c452\" data-element_type=\"widget\" data-e-type=\"widget\" data-widget_type=\"spacer.default\">\n\t\t\t\t<div class=\"elementor-widget-container\">\n\t\t\t\t\t\t\t<div class=\"elementor-spacer\">\n\t\t\t<div class=\"elementor-spacer-inner\"><\/div>\n\t\t<\/div>\n\t\t\t\t\t\t<\/div>\n\t\t\t\t<\/div>\n\t\t\t\t\t<\/div>\n\t\t<\/div>\n\t\t\t\t<div class=\"has_eae_slider elementor-column elementor-col-50 elementor-top-column elementor-element elementor-element-f0ea5de\" data-eae-slider=\"1983\" data-id=\"f0ea5de\" data-element_type=\"column\" data-e-type=\"column\">\n\t\t\t<div class=\"elementor-widget-wrap elementor-element-populated\">\n\t\t\t\t\t\t<section class=\"has_eae_slider elementor-section elementor-inner-section elementor-element elementor-element-e104ee0 elementor-section-boxed elementor-section-height-default elementor-section-height-default wpr-particle-no wpr-jarallax-no wpr-parallax-no wpr-sticky-section-no wpr-equal-height-no\" data-eae-slider=\"22922\" data-id=\"e104ee0\" data-element_type=\"section\" data-e-type=\"section\">\n\t\t\t\t\t\t<div class=\"elementor-container elementor-column-gap-default\">\n\t\t\t\t\t<div class=\"has_eae_slider elementor-column elementor-col-100 elementor-inner-column elementor-element elementor-element-2ae5607\" data-eae-slider=\"54935\" data-id=\"2ae5607\" data-element_type=\"column\" data-e-type=\"column\">\n\t\t\t<div class=\"elementor-widget-wrap elementor-element-populated\">\n\t\t\t\t\t\t<div class=\"elementor-element elementor-element-25f39fd elementor-widget elementor-widget-heading\" data-id=\"25f39fd\" data-element_type=\"widget\" data-e-type=\"widget\" data-widget_type=\"heading.default\">\n\t\t\t\t<div class=\"elementor-widget-container\">\n\t\t\t\t\t<h3 class=\"elementor-heading-title elementor-size-default\">CONT\u00c1CTENOS<\/h3>\t\t\t\t<\/div>\n\t\t\t\t<\/div>\n\t\t\t\t<div class=\"elementor-element elementor-element-ff35d77 elementor-align-center elementor-icon-list--layout-traditional elementor-list-item-link-full_width elementor-widget elementor-widget-icon-list\" data-id=\"ff35d77\" data-element_type=\"widget\" data-e-type=\"widget\" data-widget_type=\"icon-list.default\">\n\t\t\t\t<div class=\"elementor-widget-container\">\n\t\t\t\t\t\t\t<ul class=\"elementor-icon-list-items\">\n\t\t\t\t\t\t\t<li class=\"elementor-icon-list-item\">\n\t\t\t\t\t\t\t\t\t\t\t<a href=\"tel:+50622398181\" target=\"_blank\">\n\n\t\t\t\t\t\t\t\t\t\t\t\t<span class=\"elementor-icon-list-icon\">\n\t\t\t\t\t\t\t<i aria-hidden=\"true\" class=\"fas fa-phone-alt\"><\/i>\t\t\t\t\t\t<\/span>\n\t\t\t\t\t\t\t\t\t\t<span class=\"elementor-icon-list-text\">+506 2239-8181<\/span>\n\t\t\t\t\t\t\t\t\t\t\t<\/a>\n\t\t\t\t\t\t\t\t\t<\/li>\n\t\t\t\t\t\t<\/ul>\n\t\t\t\t\t\t<\/div>\n\t\t\t\t<\/div>\n\t\t\t\t<div class=\"elementor-element elementor-element-a7d9f68 elementor-align-center elementor-icon-list--layout-traditional elementor-list-item-link-full_width elementor-widget elementor-widget-icon-list\" data-id=\"a7d9f68\" data-element_type=\"widget\" data-e-type=\"widget\" data-widget_type=\"icon-list.default\">\n\t\t\t\t<div class=\"elementor-widget-container\">\n\t\t\t\t\t\t\t<ul class=\"elementor-icon-list-items\">\n\t\t\t\t\t\t\t<li class=\"elementor-icon-list-item\">\n\t\t\t\t\t\t\t\t\t\t\t<a href=\"mailto:pricing@afeaimi.cr\" target=\"_blank\">\n\n\t\t\t\t\t\t\t\t\t\t\t\t<span class=\"elementor-icon-list-icon\">\n\t\t\t\t\t\t\t<i aria-hidden=\"true\" class=\"far fa-envelope\"><\/i>\t\t\t\t\t\t<\/span>\n\t\t\t\t\t\t\t\t\t\t<span class=\"elementor-icon-list-text\">pricing@afeaimi.cr<\/span>\n\t\t\t\t\t\t\t\t\t\t\t<\/a>\n\t\t\t\t\t\t\t\t\t<\/li>\n\t\t\t\t\t\t<\/ul>\n\t\t\t\t\t\t<\/div>\n\t\t\t\t<\/div>\n\t\t\t\t<div class=\"elementor-element elementor-element-4a38742 elementor-widget elementor-widget-text-editor\" data-id=\"4a38742\" data-element_type=\"widget\" data-e-type=\"widget\" data-widget_type=\"text-editor.default\">\n\t\t\t\t<div class=\"elementor-widget-container\">\n\t\t\t\t\t\t\t\t\t<p>O bien envienos un mensaje:<\/p>\t\t\t\t\t\t\t\t<\/div>\n\t\t\t\t<\/div>\n\t\t\t\t\t<\/div>\n\t\t<\/div>\n\t\t\t\t\t<\/div>\n\t\t<\/section>\n\t\t\t\t\t<\/div>\n\t\t<\/div>\n\t\t\t\t\t<\/div>\n\t\t<\/section>\n\t\t\t\t<\/div>\n\t\t","protected":false},"excerpt":{"rendered":"<p>SERVICIOS ALMAC\u00c9N FISCAL Servicios de almac\u00e9n fiscal, general y centro de distribuci\u00f3n. Almacen Fiscal del Este (AFE A114) Terminal de exportaci\u00f3n propia en AFE para la consolidaci\u00f3n de cargas de exportaci\u00f3n. Se cargan semanalmente 5 equipos consolidados para Centroam\u00e9rica y el Caribe. CONT\u00c1CTENOS +506 2239-8181 pricing@afeaimi.cr O bien envienos un mensaje:<\/p>","protected":false},"author":1,"featured_media":0,"parent":0,"menu_order":0,"comment_status":"closed","ping_status":"closed","template":"","meta":{"footnotes":""},"class_list":["post-603","page","type-page","status-publish","hentry"],"yoast_head":"<!-- This site is optimized with the Yoast SEO plugin v27.3 - https:\/\/yoast.com\/product\/yoast-seo-wordpress\/ -->\n<title>Almac\u00e9n Fiscal - AFEAIMI Global Logistics<\/title>\n<meta name=\"robots\" content=\"index, follow, max-snippet:-1, max-image-preview:large, max-video-preview:-1\" \/>\n<link rel=\"canonical\" href=\"https:\/\/afeaimi.cr\/en\/almacen-fiscal\/\" \/>\n<meta property=\"og:locale\" content=\"en_US\" \/>\n<meta property=\"og:type\" content=\"article\" \/>\n<meta property=\"og:title\" content=\"Almac\u00e9n Fiscal - AFEAIMI Global Logistics\" \/>\n<meta property=\"og:description\" content=\"SERVICIOS ALMAC\u00c9N FISCAL Servicios de almac\u00e9n fiscal, general y centro de distribuci\u00f3n. Almacen Fiscal del Este (AFE A114) Terminal de exportaci\u00f3n propia en AFE para la consolidaci\u00f3n de cargas de exportaci\u00f3n. Se cargan semanalmente 5 equipos consolidados para Centroam\u00e9rica y el Caribe. CONT\u00c1CTENOS +506 2239-8181 pricing@afeaimi.cr O bien envienos un mensaje:\" \/>\n<meta property=\"og:url\" content=\"https:\/\/afeaimi.cr\/en\/almacen-fiscal\/\" \/>\n<meta property=\"og:site_name\" content=\"AFEAIMI Global Logistics\" \/>\n<meta property=\"article:modified_time\" content=\"2025-02-03T17:53:54+00:00\" \/>\n<meta property=\"og:image\" content=\"https:\/\/afeaimi.cr\/wp-content\/uploads\/2023\/12\/Logo-Afe-Aimi-01.png\" \/>\n\t<meta property=\"og:image:width\" content=\"491\" \/>\n\t<meta property=\"og:image:height\" content=\"125\" \/>\n\t<meta property=\"og:image:type\" content=\"image\/png\" \/>\n<meta name=\"twitter:card\" content=\"summary_large_image\" \/>\n<script type=\"application\/ld+json\" class=\"yoast-schema-graph\">{\"@context\":\"https:\\\/\\\/schema.org\",\"@graph\":[{\"@type\":\"WebPage\",\"@id\":\"https:\\\/\\\/afeaimi.cr\\\/almacen-fiscal\\\/\",\"url\":\"https:\\\/\\\/afeaimi.cr\\\/almacen-fiscal\\\/\",\"name\":\"Almac\u00e9n Fiscal - AFEAIMI Global Logistics\",\"isPartOf\":{\"@id\":\"https:\\\/\\\/afeaimi.cr\\\/#website\"},\"primaryImageOfPage\":{\"@id\":\"https:\\\/\\\/afeaimi.cr\\\/almacen-fiscal\\\/#primaryimage\"},\"image\":{\"@id\":\"https:\\\/\\\/afeaimi.cr\\\/almacen-fiscal\\\/#primaryimage\"},\"thumbnailUrl\":\"https:\\\/\\\/afeaimi.cr\\\/wp-content\\\/uploads\\\/2023\\\/12\\\/Logo-Afe-Aimi-01.png\",\"datePublished\":\"2022-04-20T04:20:23+00:00\",\"dateModified\":\"2025-02-03T17:53:54+00:00\",\"breadcrumb\":{\"@id\":\"https:\\\/\\\/afeaimi.cr\\\/almacen-fiscal\\\/#breadcrumb\"},\"inLanguage\":\"en-US\",\"potentialAction\":[{\"@type\":\"ReadAction\",\"target\":[\"https:\\\/\\\/afeaimi.cr\\\/almacen-fiscal\\\/\"]}]},{\"@type\":\"ImageObject\",\"inLanguage\":\"en-US\",\"@id\":\"https:\\\/\\\/afeaimi.cr\\\/almacen-fiscal\\\/#primaryimage\",\"url\":\"https:\\\/\\\/afeaimi.cr\\\/wp-content\\\/uploads\\\/2023\\\/12\\\/Logo-Afe-Aimi-01.png\",\"contentUrl\":\"https:\\\/\\\/afeaimi.cr\\\/wp-content\\\/uploads\\\/2023\\\/12\\\/Logo-Afe-Aimi-01.png\"},{\"@type\":\"BreadcrumbList\",\"@id\":\"https:\\\/\\\/afeaimi.cr\\\/almacen-fiscal\\\/#breadcrumb\",\"itemListElement\":[{\"@type\":\"ListItem\",\"position\":1,\"name\":\"Home\",\"item\":\"https:\\\/\\\/afeaimi.cr\\\/\"},{\"@type\":\"ListItem\",\"position\":2,\"name\":\"Almac\u00e9n Fiscal\"}]},{\"@type\":\"WebSite\",\"@id\":\"https:\\\/\\\/afeaimi.cr\\\/#website\",\"url\":\"https:\\\/\\\/afeaimi.cr\\\/\",\"name\":\"AFEAIMI Global Logistics\",\"description\":\"Importaci\u00f3n y Exportaci\u00f3n\",\"publisher\":{\"@id\":\"https:\\\/\\\/afeaimi.cr\\\/#organization\"},\"alternateName\":\"AFEAIMI Log\u00edstica\",\"potentialAction\":[{\"@type\":\"SearchAction\",\"target\":{\"@type\":\"EntryPoint\",\"urlTemplate\":\"https:\\\/\\\/afeaimi.cr\\\/?s={search_term_string}\"},\"query-input\":{\"@type\":\"PropertyValueSpecification\",\"valueRequired\":true,\"valueName\":\"search_term_string\"}}],\"inLanguage\":\"en-US\"},{\"@type\":\"Organization\",\"@id\":\"https:\\\/\\\/afeaimi.cr\\\/#organization\",\"name\":\"AFEAIMI Global Logistics\",\"url\":\"https:\\\/\\\/afeaimi.cr\\\/\",\"logo\":{\"@type\":\"ImageObject\",\"inLanguage\":\"en-US\",\"@id\":\"https:\\\/\\\/afeaimi.cr\\\/#\\\/schema\\\/logo\\\/image\\\/\",\"url\":\"https:\\\/\\\/afeaimi.cr\\\/wp-content\\\/uploads\\\/2020\\\/06\\\/AFEAIMI_Logo.png\",\"contentUrl\":\"https:\\\/\\\/afeaimi.cr\\\/wp-content\\\/uploads\\\/2020\\\/06\\\/AFEAIMI_Logo.png\",\"width\":1201,\"height\":223,\"caption\":\"AFEAIMI Global Logistics\"},\"image\":{\"@id\":\"https:\\\/\\\/afeaimi.cr\\\/#\\\/schema\\\/logo\\\/image\\\/\"}}]}<\/script>\n<!-- \/ Yoast SEO plugin. -->","yoast_head_json":{"title":"Almac\u00e9n Fiscal - AFEAIMI Global Logistics","robots":{"index":"index","follow":"follow","max-snippet":"max-snippet:-1","max-image-preview":"max-image-preview:large","max-video-preview":"max-video-preview:-1"},"canonical":"https:\/\/afeaimi.cr\/en\/almacen-fiscal\/","og_locale":"en_US","og_type":"article","og_title":"Almac\u00e9n Fiscal - AFEAIMI Global Logistics","og_description":"SERVICIOS ALMAC\u00c9N FISCAL Servicios de almac\u00e9n fiscal, general y centro de distribuci\u00f3n. Almacen Fiscal del Este (AFE A114) Terminal de exportaci\u00f3n propia en AFE para la consolidaci\u00f3n de cargas de exportaci\u00f3n. Se cargan semanalmente 5 equipos consolidados para Centroam\u00e9rica y el Caribe. CONT\u00c1CTENOS +506 2239-8181 pricing@afeaimi.cr O bien envienos un mensaje:","og_url":"https:\/\/afeaimi.cr\/en\/almacen-fiscal\/","og_site_name":"AFEAIMI Global Logistics","article_modified_time":"2025-02-03T17:53:54+00:00","og_image":[{"width":491,"height":125,"url":"https:\/\/afeaimi.cr\/wp-content\/uploads\/2023\/12\/Logo-Afe-Aimi-01.png","type":"image\/png"}],"twitter_card":"summary_large_image","schema":{"@context":"https:\/\/schema.org","@graph":[{"@type":"WebPage","@id":"https:\/\/afeaimi.cr\/almacen-fiscal\/","url":"https:\/\/afeaimi.cr\/almacen-fiscal\/","name":"Almac\u00e9n Fiscal - AFEAIMI Global Logistics","isPartOf":{"@id":"https:\/\/afeaimi.cr\/#website"},"primaryImageOfPage":{"@id":"https:\/\/afeaimi.cr\/almacen-fiscal\/#primaryimage"},"image":{"@id":"https:\/\/afeaimi.cr\/almacen-fiscal\/#primaryimage"},"thumbnailUrl":"https:\/\/afeaimi.cr\/wp-content\/uploads\/2023\/12\/Logo-Afe-Aimi-01.png","datePublished":"2022-04-20T04:20:23+00:00","dateModified":"2025-02-03T17:53:54+00:00","breadcrumb":{"@id":"https:\/\/afeaimi.cr\/almacen-fiscal\/#breadcrumb"},"inLanguage":"en-US","potentialAction":[{"@type":"ReadAction","target":["https:\/\/afeaimi.cr\/almacen-fiscal\/"]}]},{"@type":"ImageObject","inLanguage":"en-US","@id":"https:\/\/afeaimi.cr\/almacen-fiscal\/#primaryimage","url":"https:\/\/afeaimi.cr\/wp-content\/uploads\/2023\/12\/Logo-Afe-Aimi-01.png","contentUrl":"https:\/\/afeaimi.cr\/wp-content\/uploads\/2023\/12\/Logo-Afe-Aimi-01.png"},{"@type":"BreadcrumbList","@id":"https:\/\/afeaimi.cr\/almacen-fiscal\/#breadcrumb","itemListElement":[{"@type":"ListItem","position":1,"name":"Home","item":"https:\/\/afeaimi.cr\/"},{"@type":"ListItem","position":2,"name":"Almac\u00e9n Fiscal"}]},{"@type":"WebSite","@id":"https:\/\/afeaimi.cr\/#website","url":"https:\/\/afeaimi.cr\/","name":"AFEAIMI Global Logistics","description":"Importaci\u00f3n y Exportaci\u00f3n","publisher":{"@id":"https:\/\/afeaimi.cr\/#organization"},"alternateName":"AFEAIMI Log\u00edstica","potentialAction":[{"@type":"SearchAction","target":{"@type":"EntryPoint","urlTemplate":"https:\/\/afeaimi.cr\/?s={search_term_string}"},"query-input":{"@type":"PropertyValueSpecification","valueRequired":true,"valueName":"search_term_string"}}],"inLanguage":"en-US"},{"@type":"Organization","@id":"https:\/\/afeaimi.cr\/#organization","name":"AFEAIMI Global Logistics","url":"https:\/\/afeaimi.cr\/","logo":{"@type":"ImageObject","inLanguage":"en-US","@id":"https:\/\/afeaimi.cr\/#\/schema\/logo\/image\/","url":"https:\/\/afeaimi.cr\/wp-content\/uploads\/2020\/06\/AFEAIMI_Logo.png","contentUrl":"https:\/\/afeaimi.cr\/wp-content\/uploads\/2020\/06\/AFEAIMI_Logo.png","width":1201,"height":223,"caption":"AFEAIMI Global Logistics"},"image":{"@id":"https:\/\/afeaimi.cr\/#\/schema\/logo\/image\/"}}]}},"_links":{"self":[{"href":"https:\/\/afeaimi.cr\/en\/wp-json\/wp\/v2\/pages\/603","targetHints":{"allow":["GET"]}}],"collection":[{"href":"https:\/\/afeaimi.cr\/en\/wp-json\/wp\/v2\/pages"}],"about":[{"href":"https:\/\/afeaimi.cr\/en\/wp-json\/wp\/v2\/types\/page"}],"author":[{"embeddable":true,"href":"https:\/\/afeaimi.cr\/en\/wp-json\/wp\/v2\/users\/1"}],"replies":[{"embeddable":true,"href":"https:\/\/afeaimi.cr\/en\/wp-json\/wp\/v2\/comments?post=603"}],"version-history":[{"count":15,"href":"https:\/\/afeaimi.cr\/en\/wp-json\/wp\/v2\/pages\/603\/revisions"}],"predecessor-version":[{"id":7472,"href":"https:\/\/afeaimi.cr\/en\/wp-json\/wp\/v2\/pages\/603\/revisions\/7472"}],"wp:attachment":[{"href":"https:\/\/afeaimi.cr\/en\/wp-json\/wp\/v2\/media?parent=603"}],"curies":[{"name":"wp","href":"https:\/\/api.w.org\/{rel}","templated":true}]}}