{"id":616,"date":"2022-04-20T04:24:36","date_gmt":"2022-04-20T04:24:36","guid":{"rendered":"https:\/\/neurobrand.net\/aimi\/?page_id=616"},"modified":"2023-12-05T19:45:06","modified_gmt":"2023-12-05T19:45:06","slug":"servicios-de-apoyo","status":"publish","type":"page","link":"https:\/\/afeaimi.cr\/en\/servicios-de-apoyo\/","title":{"rendered":"Support Services"},"content":{"rendered":"\t\t<div data-elementor-type=\"wp-page\" data-elementor-id=\"616\" class=\"elementor elementor-616\" data-elementor-post-type=\"page\">\n\t\t\t\t\t\t<section class=\"has_eae_slider elementor-section elementor-top-section elementor-element elementor-element-7d868186 elementor-section-boxed elementor-section-height-default elementor-section-height-default wpr-particle-no wpr-jarallax-no wpr-parallax-no wpr-sticky-section-no wpr-equal-height-no\" data-eae-slider=\"18752\" data-id=\"7d868186\" data-element_type=\"section\" data-e-type=\"section\" data-settings=\"{&quot;background_background&quot;:&quot;slideshow&quot;,&quot;background_slideshow_gallery&quot;:[{&quot;id&quot;:2644,&quot;url&quot;:&quot;http:\\\/\\\/afeaimi-cr-stag.azurewebsites.net\\\/wp-content\\\/uploads\\\/2023\\\/08\\\/afe-image.jpg&quot;},{&quot;id&quot;:2565,&quot;url&quot;:&quot;http:\\\/\\\/afeaimi-cr-stag.azurewebsites.net\\\/wp-content\\\/uploads\\\/2023\\\/05\\\/IMG_cotransa_tipos-buques.png&quot;},{&quot;id&quot;:1729,&quot;url&quot;:&quot;http:\\\/\\\/afeaimi-cr-stag.azurewebsites.net\\\/wp-content\\\/uploads\\\/2022\\\/05\\\/AIMI-Logistica_Servicios-de-Apoyo-scaled.jpg&quot;}],&quot;background_slideshow_slide_transition&quot;:&quot;slide_right&quot;,&quot;background_slideshow_ken_burns&quot;:&quot;yes&quot;,&quot;background_slideshow_loop&quot;:&quot;yes&quot;,&quot;background_slideshow_slide_duration&quot;:5000,&quot;background_slideshow_transition_duration&quot;:500,&quot;background_slideshow_ken_burns_zoom_direction&quot;:&quot;in&quot;}\">\n\t\t\t\t\t\t\t<div class=\"elementor-background-overlay\"><\/div>\n\t\t\t\t\t\t\t<div class=\"elementor-container elementor-column-gap-default\">\n\t\t\t\t\t<div class=\"has_eae_slider elementor-column elementor-col-100 elementor-top-column elementor-element elementor-element-3f4d8c2a\" data-eae-slider=\"77585\" data-id=\"3f4d8c2a\" data-element_type=\"column\" data-e-type=\"column\">\n\t\t\t<div class=\"elementor-widget-wrap elementor-element-populated\">\n\t\t\t\t\t\t<div class=\"elementor-element elementor-element-70c2a77e elementor-widget elementor-widget-image\" data-id=\"70c2a77e\" data-element_type=\"widget\" data-e-type=\"widget\" data-widget_type=\"image.default\">\n\t\t\t\t<div class=\"elementor-widget-container\">\n\t\t\t\t\t\t\t\t\t\t\t\t\t\t\t<img fetchpriority=\"high\" decoding=\"async\" width=\"491\" height=\"125\" src=\"https:\/\/afeaimi.cr\/wp-content\/uploads\/2023\/12\/Logo-Afe-Aimi-01.png\" class=\"attachment-large size-large wp-image-2662\" alt=\"\" \/>\t\t\t\t\t\t\t\t\t\t\t\t\t\t\t<\/div>\n\t\t\t\t<\/div>\n\t\t\t\t\t<\/div>\n\t\t<\/div>\n\t\t\t\t\t<\/div>\n\t\t<\/section>\n\t\t\t\t<section class=\"has_eae_slider elementor-section elementor-top-section elementor-element elementor-element-aa26bac elementor-section-boxed elementor-section-height-default elementor-section-height-default wpr-particle-no wpr-jarallax-no wpr-parallax-no wpr-sticky-section-no wpr-equal-height-no\" data-eae-slider=\"86758\" data-id=\"aa26bac\" data-element_type=\"section\" data-e-type=\"section\">\n\t\t\t\t\t\t<div class=\"elementor-container elementor-column-gap-default\">\n\t\t\t\t\t<div class=\"has_eae_slider elementor-column elementor-col-100 elementor-top-column elementor-element elementor-element-b22f255\" data-eae-slider=\"46968\" data-id=\"b22f255\" data-element_type=\"column\" data-e-type=\"column\">\n\t\t\t<div class=\"elementor-widget-wrap elementor-element-populated\">\n\t\t\t\t\t\t<section class=\"has_eae_slider elementor-section elementor-inner-section elementor-element elementor-element-7908a60 elementor-section-boxed elementor-section-height-default elementor-section-height-default wpr-particle-no wpr-jarallax-no wpr-parallax-no wpr-sticky-section-no wpr-equal-height-no\" data-eae-slider=\"49895\" data-id=\"7908a60\" data-element_type=\"section\" data-e-type=\"section\">\n\t\t\t\t\t\t<div class=\"elementor-container elementor-column-gap-default\">\n\t\t\t\t\t<div class=\"has_eae_slider elementor-column elementor-col-100 elementor-inner-column elementor-element elementor-element-b6bdb2f\" data-eae-slider=\"32614\" data-id=\"b6bdb2f\" data-element_type=\"column\" data-e-type=\"column\">\n\t\t\t<div class=\"elementor-widget-wrap elementor-element-populated\">\n\t\t\t\t\t\t<div class=\"elementor-element elementor-element-81fd149 elementor-widget elementor-widget-button\" data-id=\"81fd149\" data-element_type=\"widget\" data-e-type=\"widget\" data-widget_type=\"button.default\">\n\t\t\t\t<div class=\"elementor-widget-container\">\n\t\t\t\t\t\t\t\t\t<div class=\"elementor-button-wrapper\">\n\t\t\t\t\t<a class=\"elementor-button elementor-size-sm\" role=\"button\">\n\t\t\t\t\t\t<span class=\"elementor-button-content-wrapper\">\n\t\t\t\t\t\t\t\t\t<span class=\"elementor-button-text\">SERVICIOS<\/span>\n\t\t\t\t\t<\/span>\n\t\t\t\t\t<\/a>\n\t\t\t\t<\/div>\n\t\t\t\t\t\t\t\t<\/div>\n\t\t\t\t<\/div>\n\t\t\t\t\t<\/div>\n\t\t<\/div>\n\t\t\t\t\t<\/div>\n\t\t<\/section>\n\t\t\t\t<section class=\"has_eae_slider elementor-section elementor-inner-section elementor-element elementor-element-a154952 elementor-section-boxed elementor-section-height-default elementor-section-height-default wpr-particle-no wpr-jarallax-no wpr-parallax-no wpr-sticky-section-no wpr-equal-height-no\" data-eae-slider=\"29635\" data-id=\"a154952\" data-element_type=\"section\" data-e-type=\"section\" data-settings=\"{&quot;background_background&quot;:&quot;classic&quot;}\">\n\t\t\t\t\t\t<div class=\"elementor-container elementor-column-gap-no\">\n\t\t\t\t\t<div class=\"has_eae_slider elementor-column elementor-col-100 elementor-inner-column elementor-element elementor-element-bf8a7f3\" data-eae-slider=\"12313\" data-id=\"bf8a7f3\" data-element_type=\"column\" data-e-type=\"column\">\n\t\t\t<div class=\"elementor-widget-wrap elementor-element-populated\">\n\t\t\t\t\t\t<div class=\"elementor-element elementor-element-0755b83 elementor-position-inline-start elementor-view-default elementor-mobile-position-block-start elementor-widget elementor-widget-icon-box\" data-id=\"0755b83\" data-element_type=\"widget\" data-e-type=\"widget\" data-widget_type=\"icon-box.default\">\n\t\t\t\t<div class=\"elementor-widget-container\">\n\t\t\t\t\t\t\t<div class=\"elementor-icon-box-wrapper\">\n\n\t\t\t\t\t\t<div class=\"elementor-icon-box-icon\">\n\t\t\t\t<span  class=\"elementor-icon\">\n\t\t\t\t<svg xmlns=\"http:\/\/www.w3.org\/2000\/svg\" width=\"90\" height=\"90\" viewBox=\"0 0 90 90\" fill=\"none\"><path fill-rule=\"evenodd\" clip-rule=\"evenodd\" d=\"M75 11.25H15C10.875 11.25 7.5 14.625 7.5 18.75V71.25C7.5 75.375 10.875 78.75 15 78.75H75C79.125 78.75 82.5 75.375 82.5 71.25V18.75C82.5 14.625 79.125 11.25 75 11.25ZM75 71.25H15V18.75H75V71.25Z\" fill=\"white\"><\/path><path fill-rule=\"evenodd\" clip-rule=\"evenodd\" d=\"M72.7875 39.075L67.4625 33.75L55.575 45.6375L50.2875 40.3125L45 45.6L55.575 56.25L72.7875 39.075ZM18.75 26.25H37.5V33.75H18.75V26.25ZM18.75 41.25H37.5V48.75H18.75V41.25ZM18.75 56.25H37.5V63.75H18.75V56.25Z\" fill=\"white\"><\/path><\/svg>\t\t\t\t<\/span>\n\t\t\t<\/div>\n\t\t\t\n\t\t\t\t\t\t<div class=\"elementor-icon-box-content\">\n\n\t\t\t\t\t\t\t\t\t<h3 class=\"elementor-icon-box-title\">\n\t\t\t\t\t\t<span  >\n\t\t\t\t\t\t\tSERVICIOS DE APOYO\t\t\t\t\t\t<\/span>\n\t\t\t\t\t<\/h3>\n\t\t\t\t\n\t\t\t\t\n\t\t\t<\/div>\n\t\t\t\n\t\t<\/div>\n\t\t\t\t\t\t<\/div>\n\t\t\t\t<\/div>\n\t\t\t\t\t<\/div>\n\t\t<\/div>\n\t\t\t\t\t<\/div>\n\t\t<\/section>\n\t\t\t\t\t<\/div>\n\t\t<\/div>\n\t\t\t\t\t<\/div>\n\t\t<\/section>\n\t\t\t\t<section class=\"has_eae_slider elementor-section elementor-top-section elementor-element elementor-element-b6ce421 elementor-section-boxed elementor-section-height-default elementor-section-height-default wpr-particle-no wpr-jarallax-no wpr-parallax-no wpr-sticky-section-no wpr-equal-height-no\" data-eae-slider=\"71471\" data-id=\"b6ce421\" data-element_type=\"section\" data-e-type=\"section\">\n\t\t\t\t\t\t<div class=\"elementor-container elementor-column-gap-no\">\n\t\t\t\t\t<div class=\"has_eae_slider elementor-column elementor-col-50 elementor-top-column elementor-element elementor-element-498abd3\" data-eae-slider=\"76238\" data-id=\"498abd3\" data-element_type=\"column\" data-e-type=\"column\">\n\t\t\t<div class=\"elementor-widget-wrap elementor-element-populated\">\n\t\t\t\t\t\t<div class=\"elementor-element elementor-element-bda2379 elementor-widget elementor-widget-heading\" data-id=\"bda2379\" data-element_type=\"widget\" data-e-type=\"widget\" data-widget_type=\"heading.default\">\n\t\t\t\t<div class=\"elementor-widget-container\">\n\t\t\t\t\t<h2 class=\"elementor-heading-title elementor-size-default\">Servicio de In-Plants <\/h2>\t\t\t\t<\/div>\n\t\t\t\t<\/div>\n\t\t\t\t<div class=\"elementor-element elementor-element-75dfc61 elementor-widget elementor-widget-text-editor\" data-id=\"75dfc61\" data-element_type=\"widget\" data-e-type=\"widget\" data-widget_type=\"text-editor.default\">\n\t\t\t\t<div class=\"elementor-widget-container\">\n\t\t\t\t\t\t\t\t\t<ul><li>Tr\u00e1fico internacional<\/li><li>Coordinaci\u00f3n de importaciones<\/li><li>Coordinaci\u00f3n de exportaciones<\/li><li>Tr\u00e1mites aduanales<\/li><\/ul>\t\t\t\t\t\t\t\t<\/div>\n\t\t\t\t<\/div>\n\t\t\t\t<div class=\"elementor-element elementor-element-1171676 elementor-widget elementor-widget-heading\" data-id=\"1171676\" data-element_type=\"widget\" data-e-type=\"widget\" data-widget_type=\"heading.default\">\n\t\t\t\t<div class=\"elementor-widget-container\">\n\t\t\t\t\t<h2 class=\"elementor-heading-title elementor-size-default\">PO Management <\/h2>\t\t\t\t<\/div>\n\t\t\t\t<\/div>\n\t\t\t\t<div class=\"elementor-element elementor-element-84dfa84 elementor-widget elementor-widget-text-editor\" data-id=\"84dfa84\" data-element_type=\"widget\" data-e-type=\"widget\" data-widget_type=\"text-editor.default\">\n\t\t\t\t<div class=\"elementor-widget-container\">\n\t\t\t\t\t\t\t\t\t<ul><li>Seguimiento de las \u00f3rdenes<\/li><li>Coordinaci\u00f3n en origen y destino<\/li><li>Costeo<\/li><li>Reporter\u00eda<\/li><li>KPIs<\/li><li>Manejo de SAP<\/li><\/ul>\t\t\t\t\t\t\t\t<\/div>\n\t\t\t\t<\/div>\n\t\t\t\t<div class=\"elementor-element elementor-element-03e515c elementor-widget elementor-widget-heading\" data-id=\"03e515c\" data-element_type=\"widget\" data-e-type=\"widget\" data-widget_type=\"heading.default\">\n\t\t\t\t<div class=\"elementor-widget-container\">\n\t\t\t\t\t<h2 class=\"elementor-heading-title elementor-size-default\">Mejora en Cadena de Suministro<\/h2>\t\t\t\t<\/div>\n\t\t\t\t<\/div>\n\t\t\t\t<div class=\"elementor-element elementor-element-947d52a elementor-widget elementor-widget-text-editor\" data-id=\"947d52a\" data-element_type=\"widget\" data-e-type=\"widget\" data-widget_type=\"text-editor.default\">\n\t\t\t\t<div class=\"elementor-widget-container\">\n\t\t\t\t\t\t\t\t\t<ul><li>Asesor\u00eda log\u00edstica<\/li><li>Dise\u00f1o de procesos<\/li><li>An\u00e1lisis de indicadores log\u00edsticos<\/li><li>An\u00e1lisis de causa ra\u00edz y propuesta de mejora<\/li><li>Implementaci\u00f3n de herramientas de mejora continua<\/li><\/ul>\t\t\t\t\t\t\t\t<\/div>\n\t\t\t\t<\/div>\n\t\t\t\t\t<\/div>\n\t\t<\/div>\n\t\t\t\t<div class=\"has_eae_slider elementor-column elementor-col-50 elementor-top-column elementor-element elementor-element-bbef81c\" data-eae-slider=\"43734\" data-id=\"bbef81c\" data-element_type=\"column\" data-e-type=\"column\">\n\t\t\t<div class=\"elementor-widget-wrap elementor-element-populated\">\n\t\t\t\t\t\t<section class=\"has_eae_slider elementor-section elementor-inner-section elementor-element elementor-element-3acc3f8 elementor-section-boxed elementor-section-height-default elementor-section-height-default wpr-particle-no wpr-jarallax-no wpr-parallax-no wpr-sticky-section-no wpr-equal-height-no\" data-eae-slider=\"72021\" data-id=\"3acc3f8\" data-element_type=\"section\" data-e-type=\"section\">\n\t\t\t\t\t\t<div class=\"elementor-container elementor-column-gap-default\">\n\t\t\t\t\t<div class=\"has_eae_slider elementor-column elementor-col-100 elementor-inner-column elementor-element elementor-element-5e0459b\" data-eae-slider=\"97565\" data-id=\"5e0459b\" data-element_type=\"column\" data-e-type=\"column\">\n\t\t\t<div class=\"elementor-widget-wrap elementor-element-populated\">\n\t\t\t\t\t\t<div class=\"elementor-element elementor-element-bf336db elementor-widget elementor-widget-heading\" data-id=\"bf336db\" data-element_type=\"widget\" data-e-type=\"widget\" data-widget_type=\"heading.default\">\n\t\t\t\t<div class=\"elementor-widget-container\">\n\t\t\t\t\t<h3 class=\"elementor-heading-title elementor-size-default\">CONT\u00c1CTENOS<\/h3>\t\t\t\t<\/div>\n\t\t\t\t<\/div>\n\t\t\t\t<div class=\"elementor-element elementor-element-ad14a50 elementor-align-center elementor-icon-list--layout-traditional elementor-list-item-link-full_width elementor-widget elementor-widget-icon-list\" data-id=\"ad14a50\" data-element_type=\"widget\" data-e-type=\"widget\" data-widget_type=\"icon-list.default\">\n\t\t\t\t<div class=\"elementor-widget-container\">\n\t\t\t\t\t\t\t<ul class=\"elementor-icon-list-items\">\n\t\t\t\t\t\t\t<li class=\"elementor-icon-list-item\">\n\t\t\t\t\t\t\t\t\t\t\t<a href=\"tel:+50622398181\" target=\"_blank\">\n\n\t\t\t\t\t\t\t\t\t\t\t\t<span class=\"elementor-icon-list-icon\">\n\t\t\t\t\t\t\t<i aria-hidden=\"true\" class=\"fas fa-phone-alt\"><\/i>\t\t\t\t\t\t<\/span>\n\t\t\t\t\t\t\t\t\t\t<span class=\"elementor-icon-list-text\">+506 2239-8181<\/span>\n\t\t\t\t\t\t\t\t\t\t\t<\/a>\n\t\t\t\t\t\t\t\t\t<\/li>\n\t\t\t\t\t\t<\/ul>\n\t\t\t\t\t\t<\/div>\n\t\t\t\t<\/div>\n\t\t\t\t<div class=\"elementor-element elementor-element-34c4bca elementor-align-center elementor-icon-list--layout-traditional elementor-list-item-link-full_width elementor-widget elementor-widget-icon-list\" data-id=\"34c4bca\" data-element_type=\"widget\" data-e-type=\"widget\" data-widget_type=\"icon-list.default\">\n\t\t\t\t<div class=\"elementor-widget-container\">\n\t\t\t\t\t\t\t<ul class=\"elementor-icon-list-items\">\n\t\t\t\t\t\t\t<li class=\"elementor-icon-list-item\">\n\t\t\t\t\t\t\t\t\t\t\t<a href=\"mailto:pricing@afeaimi.cr\" target=\"_blank\">\n\n\t\t\t\t\t\t\t\t\t\t\t\t<span class=\"elementor-icon-list-icon\">\n\t\t\t\t\t\t\t<i aria-hidden=\"true\" class=\"far fa-envelope\"><\/i>\t\t\t\t\t\t<\/span>\n\t\t\t\t\t\t\t\t\t\t<span class=\"elementor-icon-list-text\">pricing@afeaimi.cr<\/span>\n\t\t\t\t\t\t\t\t\t\t\t<\/a>\n\t\t\t\t\t\t\t\t\t<\/li>\n\t\t\t\t\t\t<\/ul>\n\t\t\t\t\t\t<\/div>\n\t\t\t\t<\/div>\n\t\t\t\t<div class=\"elementor-element elementor-element-57b89f7 elementor-widget elementor-widget-text-editor\" data-id=\"57b89f7\" data-element_type=\"widget\" data-e-type=\"widget\" data-widget_type=\"text-editor.default\">\n\t\t\t\t<div class=\"elementor-widget-container\">\n\t\t\t\t\t\t\t\t\t<p>O bien envienos un mensaje:<\/p>\t\t\t\t\t\t\t\t<\/div>\n\t\t\t\t<\/div>\n\t\t\t\t\t<\/div>\n\t\t<\/div>\n\t\t\t\t\t<\/div>\n\t\t<\/section>\n\t\t\t\t\t<\/div>\n\t\t<\/div>\n\t\t\t\t\t<\/div>\n\t\t<\/section>\n\t\t\t\t<\/div>\n\t\t","protected":false},"excerpt":{"rendered":"<p>SERVICIOS SERVICIOS DE APOYO Servicio de In-Plants Tr\u00e1fico internacional Coordinaci\u00f3n de importaciones Coordinaci\u00f3n de exportaciones Tr\u00e1mites aduanales PO Management Seguimiento de las \u00f3rdenes Coordinaci\u00f3n en origen y destino Costeo Reporter\u00eda KPIs Manejo de SAP Mejora en Cadena de Suministro Asesor\u00eda log\u00edstica Dise\u00f1o de procesos An\u00e1lisis de indicadores log\u00edsticos An\u00e1lisis de causa ra\u00edz y propuesta de mejora Implementaci\u00f3n de herramientas de mejora continua CONT\u00c1CTENOS +506 2239-8181 pricing@afeaimi.cr O bien envienos un mensaje: Nombre Completo:* Correo Electr\u00f3nico:* Asunto:* Mensaje*CAPTCHAPhoneEste campo es un campo de validaci\u00f3n y debe quedar sin cambios.<\/p>","protected":false},"author":1,"featured_media":0,"parent":0,"menu_order":0,"comment_status":"closed","ping_status":"closed","template":"","meta":{"footnotes":""},"class_list":["post-616","page","type-page","status-publish","hentry"],"yoast_head":"<!-- This site is optimized with the Yoast SEO plugin v27.3 - https:\/\/yoast.com\/product\/yoast-seo-wordpress\/ -->\n<title>Servicios de Apoyo - AFEAIMI Global Logistics<\/title>\n<meta name=\"robots\" content=\"index, follow, max-snippet:-1, max-image-preview:large, max-video-preview:-1\" \/>\n<link rel=\"canonical\" href=\"https:\/\/afeaimi.cr\/en\/servicios-de-apoyo\/\" \/>\n<meta property=\"og:locale\" content=\"en_US\" \/>\n<meta property=\"og:type\" content=\"article\" \/>\n<meta property=\"og:title\" content=\"Servicios de Apoyo - AFEAIMI Global Logistics\" \/>\n<meta property=\"og:description\" content=\"SERVICIOS SERVICIOS DE APOYO Servicio de In-Plants Tr\u00e1fico internacional Coordinaci\u00f3n de importaciones Coordinaci\u00f3n de exportaciones Tr\u00e1mites aduanales PO Management Seguimiento de las \u00f3rdenes Coordinaci\u00f3n en origen y destino Costeo Reporter\u00eda KPIs Manejo de SAP Mejora en Cadena de Suministro Asesor\u00eda log\u00edstica Dise\u00f1o de procesos An\u00e1lisis de indicadores log\u00edsticos An\u00e1lisis de causa ra\u00edz y propuesta de mejora Implementaci\u00f3n de herramientas de mejora continua CONT\u00c1CTENOS +506 2239-8181 pricing@afeaimi.cr O bien envienos un mensaje: Nombre Completo:* Correo Electr\u00f3nico:* Asunto:* Mensaje*CAPTCHAPhoneEste campo es un campo de validaci\u00f3n y debe quedar sin cambios.\" \/>\n<meta property=\"og:url\" content=\"https:\/\/afeaimi.cr\/en\/servicios-de-apoyo\/\" \/>\n<meta property=\"og:site_name\" content=\"AFEAIMI Global Logistics\" \/>\n<meta property=\"article:modified_time\" content=\"2023-12-05T19:45:06+00:00\" \/>\n<meta property=\"og:image\" content=\"http:\/\/afeaimi-cr-stag.azurewebsites.net\/wp-content\/uploads\/2023\/12\/Logo-Afe-Aimi-01.png\" \/>\n<meta name=\"twitter:card\" content=\"summary_large_image\" \/>\n<script type=\"application\/ld+json\" class=\"yoast-schema-graph\">{\"@context\":\"https:\\\/\\\/schema.org\",\"@graph\":[{\"@type\":\"WebPage\",\"@id\":\"https:\\\/\\\/afeaimi.cr\\\/servicios-de-apoyo\\\/\",\"url\":\"https:\\\/\\\/afeaimi.cr\\\/servicios-de-apoyo\\\/\",\"name\":\"Servicios de Apoyo - AFEAIMI Global Logistics\",\"isPartOf\":{\"@id\":\"https:\\\/\\\/afeaimi.cr\\\/#website\"},\"primaryImageOfPage\":{\"@id\":\"https:\\\/\\\/afeaimi.cr\\\/servicios-de-apoyo\\\/#primaryimage\"},\"image\":{\"@id\":\"https:\\\/\\\/afeaimi.cr\\\/servicios-de-apoyo\\\/#primaryimage\"},\"thumbnailUrl\":\"http:\\\/\\\/afeaimi-cr-stag.azurewebsites.net\\\/wp-content\\\/uploads\\\/2023\\\/12\\\/Logo-Afe-Aimi-01.png\",\"datePublished\":\"2022-04-20T04:24:36+00:00\",\"dateModified\":\"2023-12-05T19:45:06+00:00\",\"breadcrumb\":{\"@id\":\"https:\\\/\\\/afeaimi.cr\\\/servicios-de-apoyo\\\/#breadcrumb\"},\"inLanguage\":\"en-US\",\"potentialAction\":[{\"@type\":\"ReadAction\",\"target\":[\"https:\\\/\\\/afeaimi.cr\\\/servicios-de-apoyo\\\/\"]}]},{\"@type\":\"ImageObject\",\"inLanguage\":\"en-US\",\"@id\":\"https:\\\/\\\/afeaimi.cr\\\/servicios-de-apoyo\\\/#primaryimage\",\"url\":\"http:\\\/\\\/afeaimi-cr-stag.azurewebsites.net\\\/wp-content\\\/uploads\\\/2023\\\/12\\\/Logo-Afe-Aimi-01.png\",\"contentUrl\":\"http:\\\/\\\/afeaimi-cr-stag.azurewebsites.net\\\/wp-content\\\/uploads\\\/2023\\\/12\\\/Logo-Afe-Aimi-01.png\"},{\"@type\":\"BreadcrumbList\",\"@id\":\"https:\\\/\\\/afeaimi.cr\\\/servicios-de-apoyo\\\/#breadcrumb\",\"itemListElement\":[{\"@type\":\"ListItem\",\"position\":1,\"name\":\"Home\",\"item\":\"https:\\\/\\\/afeaimi.cr\\\/\"},{\"@type\":\"ListItem\",\"position\":2,\"name\":\"Servicios de Apoyo\"}]},{\"@type\":\"WebSite\",\"@id\":\"https:\\\/\\\/afeaimi.cr\\\/#website\",\"url\":\"https:\\\/\\\/afeaimi.cr\\\/\",\"name\":\"AFEAIMI Global Logistics\",\"description\":\"Importaci\u00f3n y Exportaci\u00f3n\",\"publisher\":{\"@id\":\"https:\\\/\\\/afeaimi.cr\\\/#organization\"},\"alternateName\":\"AFEAIMI Log\u00edstica\",\"potentialAction\":[{\"@type\":\"SearchAction\",\"target\":{\"@type\":\"EntryPoint\",\"urlTemplate\":\"https:\\\/\\\/afeaimi.cr\\\/?s={search_term_string}\"},\"query-input\":{\"@type\":\"PropertyValueSpecification\",\"valueRequired\":true,\"valueName\":\"search_term_string\"}}],\"inLanguage\":\"en-US\"},{\"@type\":\"Organization\",\"@id\":\"https:\\\/\\\/afeaimi.cr\\\/#organization\",\"name\":\"AFEAIMI Global Logistics\",\"url\":\"https:\\\/\\\/afeaimi.cr\\\/\",\"logo\":{\"@type\":\"ImageObject\",\"inLanguage\":\"en-US\",\"@id\":\"https:\\\/\\\/afeaimi.cr\\\/#\\\/schema\\\/logo\\\/image\\\/\",\"url\":\"https:\\\/\\\/afeaimi.cr\\\/wp-content\\\/uploads\\\/2020\\\/06\\\/AFEAIMI_Logo.png\",\"contentUrl\":\"https:\\\/\\\/afeaimi.cr\\\/wp-content\\\/uploads\\\/2020\\\/06\\\/AFEAIMI_Logo.png\",\"width\":1201,\"height\":223,\"caption\":\"AFEAIMI Global Logistics\"},\"image\":{\"@id\":\"https:\\\/\\\/afeaimi.cr\\\/#\\\/schema\\\/logo\\\/image\\\/\"}}]}<\/script>\n<!-- \/ Yoast SEO plugin. -->","yoast_head_json":{"title":"Servicios de Apoyo - AFEAIMI Global Logistics","robots":{"index":"index","follow":"follow","max-snippet":"max-snippet:-1","max-image-preview":"max-image-preview:large","max-video-preview":"max-video-preview:-1"},"canonical":"https:\/\/afeaimi.cr\/en\/servicios-de-apoyo\/","og_locale":"en_US","og_type":"article","og_title":"Servicios de Apoyo - AFEAIMI Global Logistics","og_description":"SERVICIOS SERVICIOS DE APOYO Servicio de In-Plants Tr\u00e1fico internacional Coordinaci\u00f3n de importaciones Coordinaci\u00f3n de exportaciones Tr\u00e1mites aduanales PO Management Seguimiento de las \u00f3rdenes Coordinaci\u00f3n en origen y destino Costeo Reporter\u00eda KPIs Manejo de SAP Mejora en Cadena de Suministro Asesor\u00eda log\u00edstica Dise\u00f1o de procesos An\u00e1lisis de indicadores log\u00edsticos An\u00e1lisis de causa ra\u00edz y propuesta de mejora Implementaci\u00f3n de herramientas de mejora continua CONT\u00c1CTENOS +506 2239-8181 pricing@afeaimi.cr O bien envienos un mensaje: Nombre Completo:* Correo Electr\u00f3nico:* Asunto:* Mensaje*CAPTCHAPhoneEste campo es un campo de validaci\u00f3n y debe quedar sin cambios.","og_url":"https:\/\/afeaimi.cr\/en\/servicios-de-apoyo\/","og_site_name":"AFEAIMI Global Logistics","article_modified_time":"2023-12-05T19:45:06+00:00","og_image":[{"url":"http:\/\/afeaimi-cr-stag.azurewebsites.net\/wp-content\/uploads\/2023\/12\/Logo-Afe-Aimi-01.png","type":"","width":"","height":""}],"twitter_card":"summary_large_image","schema":{"@context":"https:\/\/schema.org","@graph":[{"@type":"WebPage","@id":"https:\/\/afeaimi.cr\/servicios-de-apoyo\/","url":"https:\/\/afeaimi.cr\/servicios-de-apoyo\/","name":"Servicios de Apoyo - AFEAIMI Global Logistics","isPartOf":{"@id":"https:\/\/afeaimi.cr\/#website"},"primaryImageOfPage":{"@id":"https:\/\/afeaimi.cr\/servicios-de-apoyo\/#primaryimage"},"image":{"@id":"https:\/\/afeaimi.cr\/servicios-de-apoyo\/#primaryimage"},"thumbnailUrl":"http:\/\/afeaimi-cr-stag.azurewebsites.net\/wp-content\/uploads\/2023\/12\/Logo-Afe-Aimi-01.png","datePublished":"2022-04-20T04:24:36+00:00","dateModified":"2023-12-05T19:45:06+00:00","breadcrumb":{"@id":"https:\/\/afeaimi.cr\/servicios-de-apoyo\/#breadcrumb"},"inLanguage":"en-US","potentialAction":[{"@type":"ReadAction","target":["https:\/\/afeaimi.cr\/servicios-de-apoyo\/"]}]},{"@type":"ImageObject","inLanguage":"en-US","@id":"https:\/\/afeaimi.cr\/servicios-de-apoyo\/#primaryimage","url":"http:\/\/afeaimi-cr-stag.azurewebsites.net\/wp-content\/uploads\/2023\/12\/Logo-Afe-Aimi-01.png","contentUrl":"http:\/\/afeaimi-cr-stag.azurewebsites.net\/wp-content\/uploads\/2023\/12\/Logo-Afe-Aimi-01.png"},{"@type":"BreadcrumbList","@id":"https:\/\/afeaimi.cr\/servicios-de-apoyo\/#breadcrumb","itemListElement":[{"@type":"ListItem","position":1,"name":"Home","item":"https:\/\/afeaimi.cr\/"},{"@type":"ListItem","position":2,"name":"Servicios de Apoyo"}]},{"@type":"WebSite","@id":"https:\/\/afeaimi.cr\/#website","url":"https:\/\/afeaimi.cr\/","name":"AFEAIMI Global Logistics","description":"Importaci\u00f3n y Exportaci\u00f3n","publisher":{"@id":"https:\/\/afeaimi.cr\/#organization"},"alternateName":"AFEAIMI Log\u00edstica","potentialAction":[{"@type":"SearchAction","target":{"@type":"EntryPoint","urlTemplate":"https:\/\/afeaimi.cr\/?s={search_term_string}"},"query-input":{"@type":"PropertyValueSpecification","valueRequired":true,"valueName":"search_term_string"}}],"inLanguage":"en-US"},{"@type":"Organization","@id":"https:\/\/afeaimi.cr\/#organization","name":"AFEAIMI Global Logistics","url":"https:\/\/afeaimi.cr\/","logo":{"@type":"ImageObject","inLanguage":"en-US","@id":"https:\/\/afeaimi.cr\/#\/schema\/logo\/image\/","url":"https:\/\/afeaimi.cr\/wp-content\/uploads\/2020\/06\/AFEAIMI_Logo.png","contentUrl":"https:\/\/afeaimi.cr\/wp-content\/uploads\/2020\/06\/AFEAIMI_Logo.png","width":1201,"height":223,"caption":"AFEAIMI Global Logistics"},"image":{"@id":"https:\/\/afeaimi.cr\/#\/schema\/logo\/image\/"}}]}},"_links":{"self":[{"href":"https:\/\/afeaimi.cr\/en\/wp-json\/wp\/v2\/pages\/616","targetHints":{"allow":["GET"]}}],"collection":[{"href":"https:\/\/afeaimi.cr\/en\/wp-json\/wp\/v2\/pages"}],"about":[{"href":"https:\/\/afeaimi.cr\/en\/wp-json\/wp\/v2\/types\/page"}],"author":[{"embeddable":true,"href":"https:\/\/afeaimi.cr\/en\/wp-json\/wp\/v2\/users\/1"}],"replies":[{"embeddable":true,"href":"https:\/\/afeaimi.cr\/en\/wp-json\/wp\/v2\/comments?post=616"}],"version-history":[{"count":3,"href":"https:\/\/afeaimi.cr\/en\/wp-json\/wp\/v2\/pages\/616\/revisions"}],"predecessor-version":[{"id":2791,"href":"https:\/\/afeaimi.cr\/en\/wp-json\/wp\/v2\/pages\/616\/revisions\/2791"}],"wp:attachment":[{"href":"https:\/\/afeaimi.cr\/en\/wp-json\/wp\/v2\/media?parent=616"}],"curies":[{"name":"wp","href":"https:\/\/api.w.org\/{rel}","templated":true}]}}