{"id":7825,"date":"2025-02-26T12:02:44","date_gmt":"2025-02-26T18:02:44","guid":{"rendered":"https:\/\/afeaimi.cr\/?page_id=7825"},"modified":"2025-10-27T11:25:42","modified_gmt":"2025-10-27T17:25:42","slug":"politica-de-basc","status":"publish","type":"page","link":"https:\/\/afeaimi.cr\/en\/politica-de-basc\/","title":{"rendered":"Pol\u00edtica de BASC"},"content":{"rendered":"<div data-elementor-type=\"wp-page\" data-elementor-id=\"7825\" class=\"elementor elementor-7825\" data-elementor-post-type=\"page\">\n\t\t\t\t\t\t<section class=\"has_eae_slider elementor-section elementor-top-section elementor-element elementor-element-765d196e elementor-section-items-stretch elementor-section-full_width elementor-section-height-min-height elementor-section-content-middle elementor-reverse-mobile elementor-section-height-default wpr-particle-no wpr-jarallax-no wpr-parallax-no wpr-sticky-section-no wpr-equal-height-no\" data-eae-slider=\"78084\" data-id=\"765d196e\" data-element_type=\"section\" data-e-type=\"section\" data-settings=\"{&quot;background_background&quot;:&quot;classic&quot;}\">\n\t\t\t\t\t\t\t<div class=\"elementor-background-overlay\"><\/div>\n\t\t\t\t\t\t\t<div class=\"elementor-container elementor-column-gap-default\">\n\t\t\t\t\t<div class=\"has_eae_slider elementor-column elementor-col-100 elementor-top-column elementor-element elementor-element-4a809abe\" data-eae-slider=\"46269\" data-id=\"4a809abe\" data-element_type=\"column\" data-e-type=\"column\" data-settings=\"{&quot;background_background&quot;:&quot;classic&quot;}\">\n\t\t\t<div class=\"elementor-widget-wrap elementor-element-populated\">\n\t\t\t\t\t\t<section class=\"has_eae_slider elementor-section elementor-inner-section elementor-element elementor-element-8168e1d elementor-section-boxed elementor-section-height-default elementor-section-height-default wpr-particle-no wpr-jarallax-no wpr-parallax-no wpr-sticky-section-no wpr-equal-height-no\" data-eae-slider=\"46934\" data-id=\"8168e1d\" data-element_type=\"section\" data-e-type=\"section\">\n\t\t\t\t\t\t<div class=\"elementor-container elementor-column-gap-default\">\n\t\t\t\t\t<div class=\"has_eae_slider elementor-column elementor-col-50 elementor-inner-column elementor-element elementor-element-aae074c\" data-eae-slider=\"38095\" data-id=\"aae074c\" data-element_type=\"column\" data-e-type=\"column\">\n\t\t\t<div class=\"elementor-widget-wrap elementor-element-populated\">\n\t\t\t\t\t\t<div class=\"elementor-element elementor-element-6fdd8824 elementor-widget elementor-widget-heading\" data-id=\"6fdd8824\" data-element_type=\"widget\" data-e-type=\"widget\" data-widget_type=\"heading.default\">\n\t\t\t\t<div class=\"elementor-widget-container\">\n\t\t\t\t\t<h5 class=\"elementor-heading-title elementor-size-default\">BASC Policy<\/h5>\t\t\t\t<\/div>\n\t\t\t\t<\/div>\n\t\t\t\t<div class=\"elementor-element elementor-element-41e979c elementor-widget__width-initial elementor-widget elementor-widget-text-editor\" data-id=\"41e979c\" data-element_type=\"widget\" data-e-type=\"widget\" data-widget_type=\"text-editor.default\">\n\t\t\t\t<div class=\"elementor-widget-container\">\n\t\t\t\t\t\t\t\t\t<p data-pm-slice=\"1 1 []\">At AFEAIMI Global Logistics (AIMI Consolidaciones S.A., AIMI Log\u00edstica ROH S.A. and Almac\u00e9n Fiscal del Este S.A.), a company specialized in personalized, efficient and quality logistics chain services, we are committed to meeting customer and applicable legal requirements, promoting security in the use of information technology and continuously improving the effectiveness of our Control and Security Management System (SGCS BASC), in order to prevent any type of illicit activity, corruption, bribery and\/or money laundering in our processes, which may affect the integrity and image of our company and its employees.<\/p>\t\t\t\t\t\t\t\t<\/div>\n\t\t\t\t<\/div>\n\t\t\t\t<div class=\"elementor-element elementor-element-ece7ede elementor-widget elementor-widget-button\" data-id=\"ece7ede\" data-element_type=\"widget\" data-e-type=\"widget\" data-widget_type=\"button.default\">\n\t\t\t\t<div class=\"elementor-widget-container\">\n\t\t\t\t\t\t\t\t\t<div class=\"elementor-button-wrapper\">\n\t\t\t\t\t<a class=\"elementor-button elementor-button-link elementor-size-sm\" href=\"https:\/\/afeaimi.cr\/wp-content\/uploads\/2025\/10\/AFM-ADI-DI-01-Politica-de-Gestion-en-Control-y-Seguridad.pdf\">\n\t\t\t\t\t\t<span class=\"elementor-button-content-wrapper\">\n\t\t\t\t\t\t\t\t\t<span class=\"elementor-button-text\">Download BASC Policy<\/span>\n\t\t\t\t\t<\/span>\n\t\t\t\t\t<\/a>\n\t\t\t\t<\/div>\n\t\t\t\t\t\t\t\t<\/div>\n\t\t\t\t<\/div>\n\t\t\t\t\t<\/div>\n\t\t<\/div>\n\t\t\t\t<div class=\"has_eae_slider elementor-column elementor-col-50 elementor-inner-column elementor-element elementor-element-dda47d2\" data-eae-slider=\"72504\" data-id=\"dda47d2\" data-element_type=\"column\" data-e-type=\"column\">\n\t\t\t<div class=\"elementor-widget-wrap elementor-element-populated\">\n\t\t\t\t\t\t<div class=\"elementor-element elementor-element-d63a545 elementor-widget elementor-widget-image\" data-id=\"d63a545\" data-element_type=\"widget\" data-e-type=\"widget\" data-widget_type=\"image.default\">\n\t\t\t\t<div class=\"elementor-widget-container\">\n\t\t\t\t\t\t\t\t\t\t\t\t\t\t\t<img fetchpriority=\"high\" decoding=\"async\" width=\"360\" height=\"281\" src=\"https:\/\/afeaimi.cr\/wp-content\/uploads\/2025\/03\/image-1-Photoroom-e1741014360689.png\" class=\"attachment-full size-full wp-image-7928\" alt=\"\" \/>\t\t\t\t\t\t\t\t\t\t\t\t\t\t\t<\/div>\n\t\t\t\t<\/div>\n\t\t\t\t\t<\/div>\n\t\t<\/div>\n\t\t\t\t\t<\/div>\n\t\t<\/section>\n\t\t\t\t\t<\/div>\n\t\t<\/div>\n\t\t\t\t\t<\/div>\n\t\t<\/section>\n\t\t\t\t<\/div>","protected":false},"excerpt":{"rendered":"<p>Politica de BASC En AFEAIMI Global Logistics (AIMI Consolidaciones S.A., AIMI Log\u00edstica ROH S.A y Almac\u00e9n Fiscal del Este S.A.), empresa especializada en servicios de la cadena log\u00edstica personalizados, eficientes y de calidad, estamos comprometidos en cumplir los requisitos del cliente y los requisitos legales aplicables, promover la seguridad en el uso de la tecnolog\u00eda de la informaci\u00f3n y mejorar continuamente la eficacia de nuestro Sistema de Gesti\u00f3n en Control y Seguridad (SGCS BASC), a fin de prevenir cualquier tipo de actividad il\u00edcita, corrupci\u00f3n, soborno y\/o lavado de activos en nuestros procesos, las cuales puedan afectar la integridad e imagen de nuestra empresa y sus colaboradores. Descargar pol\u00cdtica BASC<\/p>","protected":false},"author":1,"featured_media":0,"parent":0,"menu_order":0,"comment_status":"closed","ping_status":"closed","template":"","meta":{"footnotes":""},"class_list":["post-7825","page","type-page","status-publish","hentry"],"yoast_head":"<!-- This site is optimized with the Yoast SEO plugin v27.3 - https:\/\/yoast.com\/product\/yoast-seo-wordpress\/ -->\n<title>Pol\u00edtica de BASC - AFEAIMI Global Logistics<\/title>\n<meta name=\"description\" content=\"Pol\u00edtica de BASC\" \/>\n<meta name=\"robots\" content=\"index, follow, max-snippet:-1, max-image-preview:large, max-video-preview:-1\" \/>\n<link rel=\"canonical\" href=\"https:\/\/afeaimi.cr\/en\/politica-de-basc\/\" \/>\n<meta property=\"og:locale\" content=\"en_US\" \/>\n<meta property=\"og:type\" content=\"article\" \/>\n<meta property=\"og:title\" content=\"Pol\u00edtica de BASC - AFEAIMI Global Logistics\" \/>\n<meta property=\"og:description\" content=\"Pol\u00edtica de BASC\" \/>\n<meta property=\"og:url\" content=\"https:\/\/afeaimi.cr\/en\/politica-de-basc\/\" \/>\n<meta property=\"og:site_name\" content=\"AFEAIMI Global Logistics\" \/>\n<meta property=\"article:modified_time\" content=\"2025-10-27T17:25:42+00:00\" \/>\n<meta property=\"og:image\" content=\"https:\/\/afeaimi.cr\/wp-content\/uploads\/2025\/03\/image-1-Photoroom-e1741014360689.png\" \/>\n\t<meta property=\"og:image:width\" content=\"360\" \/>\n\t<meta property=\"og:image:height\" content=\"281\" \/>\n\t<meta property=\"og:image:type\" content=\"image\/png\" \/>\n<meta name=\"twitter:card\" content=\"summary_large_image\" \/>\n<meta name=\"twitter:label1\" content=\"Est. reading time\" \/>\n\t<meta name=\"twitter:data1\" content=\"1 minute\" \/>\n<script type=\"application\/ld+json\" class=\"yoast-schema-graph\">{\"@context\":\"https:\\\/\\\/schema.org\",\"@graph\":[{\"@type\":\"WebPage\",\"@id\":\"https:\\\/\\\/afeaimi.cr\\\/politica-de-basc\\\/\",\"url\":\"https:\\\/\\\/afeaimi.cr\\\/politica-de-basc\\\/\",\"name\":\"Pol\u00edtica de BASC - AFEAIMI Global Logistics\",\"isPartOf\":{\"@id\":\"https:\\\/\\\/afeaimi.cr\\\/#website\"},\"primaryImageOfPage\":{\"@id\":\"https:\\\/\\\/afeaimi.cr\\\/politica-de-basc\\\/#primaryimage\"},\"image\":{\"@id\":\"https:\\\/\\\/afeaimi.cr\\\/politica-de-basc\\\/#primaryimage\"},\"thumbnailUrl\":\"https:\\\/\\\/afeaimi.cr\\\/wp-content\\\/uploads\\\/2025\\\/03\\\/image-1-Photoroom-e1741014360689.png\",\"datePublished\":\"2025-02-26T18:02:44+00:00\",\"dateModified\":\"2025-10-27T17:25:42+00:00\",\"description\":\"Pol\u00edtica de BASC\",\"breadcrumb\":{\"@id\":\"https:\\\/\\\/afeaimi.cr\\\/politica-de-basc\\\/#breadcrumb\"},\"inLanguage\":\"en-US\",\"potentialAction\":[{\"@type\":\"ReadAction\",\"target\":[\"https:\\\/\\\/afeaimi.cr\\\/politica-de-basc\\\/\"]}]},{\"@type\":\"ImageObject\",\"inLanguage\":\"en-US\",\"@id\":\"https:\\\/\\\/afeaimi.cr\\\/politica-de-basc\\\/#primaryimage\",\"url\":\"https:\\\/\\\/afeaimi.cr\\\/wp-content\\\/uploads\\\/2025\\\/03\\\/image-1-Photoroom-e1741014360689.png\",\"contentUrl\":\"https:\\\/\\\/afeaimi.cr\\\/wp-content\\\/uploads\\\/2025\\\/03\\\/image-1-Photoroom-e1741014360689.png\"},{\"@type\":\"BreadcrumbList\",\"@id\":\"https:\\\/\\\/afeaimi.cr\\\/politica-de-basc\\\/#breadcrumb\",\"itemListElement\":[{\"@type\":\"ListItem\",\"position\":1,\"name\":\"Home\",\"item\":\"https:\\\/\\\/afeaimi.cr\\\/\"},{\"@type\":\"ListItem\",\"position\":2,\"name\":\"Pol\u00edtica de BASC\"}]},{\"@type\":\"WebSite\",\"@id\":\"https:\\\/\\\/afeaimi.cr\\\/#website\",\"url\":\"https:\\\/\\\/afeaimi.cr\\\/\",\"name\":\"AFEAIMI Global Logistics\",\"description\":\"Importaci\u00f3n y Exportaci\u00f3n\",\"publisher\":{\"@id\":\"https:\\\/\\\/afeaimi.cr\\\/#organization\"},\"alternateName\":\"AFEAIMI Log\u00edstica\",\"potentialAction\":[{\"@type\":\"SearchAction\",\"target\":{\"@type\":\"EntryPoint\",\"urlTemplate\":\"https:\\\/\\\/afeaimi.cr\\\/?s={search_term_string}\"},\"query-input\":{\"@type\":\"PropertyValueSpecification\",\"valueRequired\":true,\"valueName\":\"search_term_string\"}}],\"inLanguage\":\"en-US\"},{\"@type\":\"Organization\",\"@id\":\"https:\\\/\\\/afeaimi.cr\\\/#organization\",\"name\":\"AFEAIMI Global Logistics\",\"url\":\"https:\\\/\\\/afeaimi.cr\\\/\",\"logo\":{\"@type\":\"ImageObject\",\"inLanguage\":\"en-US\",\"@id\":\"https:\\\/\\\/afeaimi.cr\\\/#\\\/schema\\\/logo\\\/image\\\/\",\"url\":\"https:\\\/\\\/afeaimi.cr\\\/wp-content\\\/uploads\\\/2020\\\/06\\\/AFEAIMI_Logo.png\",\"contentUrl\":\"https:\\\/\\\/afeaimi.cr\\\/wp-content\\\/uploads\\\/2020\\\/06\\\/AFEAIMI_Logo.png\",\"width\":1201,\"height\":223,\"caption\":\"AFEAIMI Global Logistics\"},\"image\":{\"@id\":\"https:\\\/\\\/afeaimi.cr\\\/#\\\/schema\\\/logo\\\/image\\\/\"}}]}<\/script>\n<!-- \/ Yoast SEO plugin. -->","yoast_head_json":{"title":"Pol\u00edtica de BASC - AFEAIMI Global Logistics","description":"Pol\u00edtica de BASC","robots":{"index":"index","follow":"follow","max-snippet":"max-snippet:-1","max-image-preview":"max-image-preview:large","max-video-preview":"max-video-preview:-1"},"canonical":"https:\/\/afeaimi.cr\/en\/politica-de-basc\/","og_locale":"en_US","og_type":"article","og_title":"Pol\u00edtica de BASC - AFEAIMI Global Logistics","og_description":"Pol\u00edtica de BASC","og_url":"https:\/\/afeaimi.cr\/en\/politica-de-basc\/","og_site_name":"AFEAIMI Global Logistics","article_modified_time":"2025-10-27T17:25:42+00:00","og_image":[{"width":360,"height":281,"url":"https:\/\/afeaimi.cr\/wp-content\/uploads\/2025\/03\/image-1-Photoroom-e1741014360689.png","type":"image\/png"}],"twitter_card":"summary_large_image","twitter_misc":{"Est. reading time":"1 minute"},"schema":{"@context":"https:\/\/schema.org","@graph":[{"@type":"WebPage","@id":"https:\/\/afeaimi.cr\/politica-de-basc\/","url":"https:\/\/afeaimi.cr\/politica-de-basc\/","name":"Pol\u00edtica de BASC - AFEAIMI Global Logistics","isPartOf":{"@id":"https:\/\/afeaimi.cr\/#website"},"primaryImageOfPage":{"@id":"https:\/\/afeaimi.cr\/politica-de-basc\/#primaryimage"},"image":{"@id":"https:\/\/afeaimi.cr\/politica-de-basc\/#primaryimage"},"thumbnailUrl":"https:\/\/afeaimi.cr\/wp-content\/uploads\/2025\/03\/image-1-Photoroom-e1741014360689.png","datePublished":"2025-02-26T18:02:44+00:00","dateModified":"2025-10-27T17:25:42+00:00","description":"Pol\u00edtica de BASC","breadcrumb":{"@id":"https:\/\/afeaimi.cr\/politica-de-basc\/#breadcrumb"},"inLanguage":"en-US","potentialAction":[{"@type":"ReadAction","target":["https:\/\/afeaimi.cr\/politica-de-basc\/"]}]},{"@type":"ImageObject","inLanguage":"en-US","@id":"https:\/\/afeaimi.cr\/politica-de-basc\/#primaryimage","url":"https:\/\/afeaimi.cr\/wp-content\/uploads\/2025\/03\/image-1-Photoroom-e1741014360689.png","contentUrl":"https:\/\/afeaimi.cr\/wp-content\/uploads\/2025\/03\/image-1-Photoroom-e1741014360689.png"},{"@type":"BreadcrumbList","@id":"https:\/\/afeaimi.cr\/politica-de-basc\/#breadcrumb","itemListElement":[{"@type":"ListItem","position":1,"name":"Home","item":"https:\/\/afeaimi.cr\/"},{"@type":"ListItem","position":2,"name":"Pol\u00edtica de BASC"}]},{"@type":"WebSite","@id":"https:\/\/afeaimi.cr\/#website","url":"https:\/\/afeaimi.cr\/","name":"AFEAIMI Global Logistics","description":"Importaci\u00f3n y Exportaci\u00f3n","publisher":{"@id":"https:\/\/afeaimi.cr\/#organization"},"alternateName":"AFEAIMI Log\u00edstica","potentialAction":[{"@type":"SearchAction","target":{"@type":"EntryPoint","urlTemplate":"https:\/\/afeaimi.cr\/?s={search_term_string}"},"query-input":{"@type":"PropertyValueSpecification","valueRequired":true,"valueName":"search_term_string"}}],"inLanguage":"en-US"},{"@type":"Organization","@id":"https:\/\/afeaimi.cr\/#organization","name":"AFEAIMI Global Logistics","url":"https:\/\/afeaimi.cr\/","logo":{"@type":"ImageObject","inLanguage":"en-US","@id":"https:\/\/afeaimi.cr\/#\/schema\/logo\/image\/","url":"https:\/\/afeaimi.cr\/wp-content\/uploads\/2020\/06\/AFEAIMI_Logo.png","contentUrl":"https:\/\/afeaimi.cr\/wp-content\/uploads\/2020\/06\/AFEAIMI_Logo.png","width":1201,"height":223,"caption":"AFEAIMI Global Logistics"},"image":{"@id":"https:\/\/afeaimi.cr\/#\/schema\/logo\/image\/"}}]}},"_links":{"self":[{"href":"https:\/\/afeaimi.cr\/en\/wp-json\/wp\/v2\/pages\/7825","targetHints":{"allow":["GET"]}}],"collection":[{"href":"https:\/\/afeaimi.cr\/en\/wp-json\/wp\/v2\/pages"}],"about":[{"href":"https:\/\/afeaimi.cr\/en\/wp-json\/wp\/v2\/types\/page"}],"author":[{"embeddable":true,"href":"https:\/\/afeaimi.cr\/en\/wp-json\/wp\/v2\/users\/1"}],"replies":[{"embeddable":true,"href":"https:\/\/afeaimi.cr\/en\/wp-json\/wp\/v2\/comments?post=7825"}],"version-history":[{"count":41,"href":"https:\/\/afeaimi.cr\/en\/wp-json\/wp\/v2\/pages\/7825\/revisions"}],"predecessor-version":[{"id":8125,"href":"https:\/\/afeaimi.cr\/en\/wp-json\/wp\/v2\/pages\/7825\/revisions\/8125"}],"wp:attachment":[{"href":"https:\/\/afeaimi.cr\/en\/wp-json\/wp\/v2\/media?parent=7825"}],"curies":[{"name":"wp","href":"https:\/\/api.w.org\/{rel}","templated":true}]}}